{"id":19723,"date":"2025-07-09T10:42:56","date_gmt":"2025-07-09T08:42:56","guid":{"rendered":"https:\/\/paulandernst.com\/?page_id=19723"},"modified":"2025-07-09T11:02:11","modified_gmt":"2025-07-09T09:02:11","slug":"contact-rendez-vous-mail","status":"publish","type":"page","link":"https:\/\/paulandernst.com\/fr\/contact-rendez-vous-mail\/","title":{"rendered":"contact-rendez-vous-mail"},"content":{"rendered":"\t\t<div data-elementor-type=\"wp-page\" data-elementor-id=\"19723\" class=\"elementor elementor-19723\" data-elementor-post-type=\"page\">\n\t\t\t\t<div class=\"elementor-element elementor-element-f1911e9 e-flex e-con-boxed e-con e-parent\" data-id=\"f1911e9\" data-element_type=\"container\" data-e-type=\"container\">\n\t\t\t\t\t<div class=\"e-con-inner\">\n\t\t<div class=\"elementor-element elementor-element-b919e64 e-con-full e-flex e-con e-child\" data-id=\"b919e64\" data-element_type=\"container\" data-e-type=\"container\">\n\t\t\t\t<div class=\"elementor-element elementor-element-ec9ab47 elementor-widget elementor-widget-html\" data-id=\"ec9ab47\" data-element_type=\"widget\" data-e-type=\"widget\" data-widget_type=\"html.default\">\n\t\t\t\t<div class=\"elementor-widget-container\">\n\t\t\t\t\t<div id=\"back\" style=\"display: none; position:absolute; left: 10px;top:5px; z-index: 100; cursor: pointer; font-weight: bold;\">&lt; Retour<\/div>\r\n<iframe data-cookieconsent=\"ignore\" id=\"termin_odoo_kaufberater\" class=\"termin_custom\" style=\"height:700px; display:none\" src=\"https:\/\/erp.paulundernst.scrimo.com\/calendar\/termin-1\" title=\"Rendez-vous\"><\/iframe>\r\n<script>\r\n    var iframe_kaufberater = document.getElementById(\"termin_odoo_kaufberater\");\r\n    iframe_kaufberater.src = iframe_kaufberater.src +\r\n        \"?utm_source=\" + getQueryParamURL(\"utm_source\") +\r\n        \"&utm_medium=\" + getQueryParamURL(\"utm_medium\") +\r\n        \"&utm_campaign=\" + getQueryParamURL(\"utm_campaign\") +\r\n        \"&utm_content=\" + getQueryParamURL(\"utm_content\") +\r\n        \"&utm_term=\" + getQueryParamURL(\"utm_term\")\r\n        +\"&page_URL=\" + encodeURIComponent(window.location.href)+ \"&_gl=\" + getClientId();\r\n<\/script>\r\n<!--\r\n<iframe id=\"kaufberater\" class=\"kaufberater_custom\" src=\"https:\/\/kontakt.paulundernst.com\/kaufberater\" width=\"100%\" height=\"700\" border=\"0px\" style=\"display:none\" title=\"Kaufberater\"><\/iframe>\r\n<script>\r\n    var iframe_heyflow = document.getElementById(\"kaufberater\");\r\n    iframe_heyflow.src = iframe_heyflow.src +\r\n        \"?utm_source=\" + getQueryParamURL(\"utm_source\") +\r\n        \"&utm_medium=\" + getQueryParamURL(\"utm_medium\") +\r\n        \"&utm_campaign=\" + getQueryParamURL(\"utm_campaign\") +\r\n        \"&utm_content=\" + getQueryParamURL(\"utm_content\") +\r\n        \"&utm_term=\" + getQueryParamURL(\"utm_term\");\r\n<\/script>\r\n-->\r\n<div id=\"kaufberater\" style=\"display: none;\">\r\n    <heyflow-wrapper id=\"kaufberater_flow\" flow-id=\"kaufberater\" style-config=\"{\"width\": \"100%\", \"height\": \"700px\"}\"><\/heyflow-wrapper>\r\n    <\/div>\r\n<script>\r\n  document.addEventListener(\"DOMContentLoaded\", function() {\r\n    \/\/ Function to get UTM parameters from the URL\r\n    function getUTMParameters() {\r\n      const urlParams = new URLSearchParams(window.location.search);\r\n      const utmParams = {};\r\n\r\n      \/\/ List of UTM parameters you want to track\r\n      const paramKeys = [\"utm_source\", \"utm_medium\", \"utm_campaign\", \"utm_term\", \"utm_content\"];\r\n\r\n      \/\/ Check for each UTM parameter and add it to the object if it exists\r\n      paramKeys.forEach((key) => {\r\n        if (urlParams.has(key)) {\r\n          utmParams[key] = urlParams.get(key);\r\n        }\r\n      });\r\n\r\n      \/\/ Convert the UTM parameters object to a URL-encoded string\r\n      return new URLSearchParams(utmParams).toString();\r\n    }\r\n\r\n    \/\/ Get the UTM parameters string\r\n    const utmParameters = getUTMParameters();\r\n\r\n    \/\/ Find the Heyflow widget and add the url-parameters attribute\r\n    const heyflowWidget = document.getElementById(\"kaufberater_flow\");\r\n    if (utmParameters && heyflowWidget) {\r\n      heyflowWidget.setAttribute(\"url-parameters\", utmParameters);\r\n    }\r\n  });\r\n<\/script>\r\n<script>\r\n\tjQuery(function($){\r\n\t    \/\/ I-frames\r\n\t    let termin_odoo = $(\"#termin_odoo_kaufberater\");\r\n        let heyflow_container = $(\"#kaufberater\");\r\n\r\n        \r\n\t    let back_button = $(\"#back\");\r\n\t    let termin_container = $(\".termin_vereinbaren\");\r\n\t    let angebot_container = $(\".angebot_anfordern\");\r\n\r\n\t    let header_container = $(\".pue_header\");\r\n\t    let button_container = $(\".pue_buttons\");\r\n\t    let footer_container = $(\".pue_footer\");\r\n\t    \r\n\t    termin_container.click(function(event){\r\n\t        header_container.css({'display': 'none'});\r\n            button_container.css({'display': 'none'});\r\n            footer_container.css({'display': 'none'});\r\n\t        termin_odoo.css({'display': 'block'});\r\n\t        back_button.css({'display': 'block'});\r\n\t    });\r\n\t    \r\n\t    back_button.click(function(event){\r\n\t        termin_odoo.css({'display': 'none'});\r\n\t        back_button.css({'display': 'none'});\r\n\t        heyflow_container.css({'display': 'none'});\r\n\t        header_container.css({'display': 'flex'});\r\n            button_container.css({'display': 'flex'});\r\n            footer_container.css({'display': 'flex'});\r\n\t        angebot_container.css({'display': 'flex'});\r\n\t        termin_container.css({'display': 'flex'});\r\n\t    });\r\n\t    \r\n\t     angebot_container.click(function(event){\r\n\t        header_container.css({'display': 'none'});\r\n            button_container.css({'display': 'none'});\r\n            footer_container.css({'display': 'none'});\r\n            termin_container.css({'display': 'none'});\r\n            heyflow_container.css({'display': 'block'});\r\n\t        back_button.css({'display': 'block'});\r\n\t    });\r\n\t});\r\n<\/script>\t\t\t\t<\/div>\n\t\t\t\t<\/div>\n\t\t\t\t<\/div>\n\t\t<div class=\"elementor-element elementor-element-1157fba pue_header e-con-full e-flex e-con e-child\" data-id=\"1157fba\" data-element_type=\"container\" data-e-type=\"container\">\n\t\t\t\t<div class=\"elementor-element elementor-element-166ac85 elementor-widget elementor-widget-heading\" data-id=\"166ac85\" data-element_type=\"widget\" data-e-type=\"widget\" data-widget_type=\"heading.default\">\n\t\t\t\t<div class=\"elementor-widget-container\">\n\t\t\t\t\t<h3 class=\"elementor-heading-title elementor-size-default\">Comment souhaitez-vous continuer ?<\/h3>\t\t\t\t<\/div>\n\t\t\t\t<\/div>\n\t\t\t\t<\/div>\n\t\t<div class=\"elementor-element elementor-element-0e77e22 pue_buttons e-con-full e-flex e-con e-child\" data-id=\"0e77e22\" data-element_type=\"container\" data-e-type=\"container\" data-settings=\"{&quot;background_background&quot;:&quot;classic&quot;}\">\n\t\t<div class=\"elementor-element elementor-element-537608a e-con-full container termin_vereinbaren e-flex e-con e-child\" data-id=\"537608a\" data-element_type=\"container\" data-e-type=\"container\" data-settings=\"{&quot;background_background&quot;:&quot;classic&quot;}\">\n\t\t<div class=\"elementor-element elementor-element-21e2337 e-con-full e-flex e-con e-child\" data-id=\"21e2337\" data-element_type=\"container\" data-e-type=\"container\">\n\t\t\t\t<div class=\"elementor-element elementor-element-23c353e elementor-view-default elementor-widget elementor-widget-icon\" data-id=\"23c353e\" data-element_type=\"widget\" data-e-type=\"widget\" data-widget_type=\"icon.default\">\n\t\t\t\t<div class=\"elementor-widget-container\">\n\t\t\t\t\t\t\t<div class=\"elementor-icon-wrapper\">\n\t\t\t<div class=\"elementor-icon\">\n\t\t\t<svg aria-hidden=\"true\" class=\"e-font-icon-svg e-fas-video\" viewBox=\"0 0 576 512\" xmlns=\"http:\/\/www.w3.org\/2000\/svg\"><path d=\"M336.2 64H47.8C21.4 64 0 85.4 0 111.8v288.4C0 426.6 21.4 448 47.8 448h288.4c26.4 0 47.8-21.4 47.8-47.8V111.8c0-26.4-21.4-47.8-47.8-47.8zm189.4 37.7L416 177.3v157.4l109.6 75.5c21.2 14.6 50.4-.3 50.4-25.8V127.5c0-25.4-29.1-40.4-50.4-25.8z\"><\/path><\/svg>\t\t\t<\/div>\n\t\t<\/div>\n\t\t\t\t\t\t<\/div>\n\t\t\t\t<\/div>\n\t\t\t\t<div class=\"elementor-element elementor-element-a97b48e text elementor-widget elementor-widget-text-editor\" data-id=\"a97b48e\" data-element_type=\"widget\" data-e-type=\"widget\" data-widget_type=\"text-editor.default\">\n\t\t\t\t<div class=\"elementor-widget-container\">\n\t\t\t\t\t\t\t\t\t<p>PRENDRE RENDEZ-VOUS EN LIGNE<\/p>\t\t\t\t\t\t\t\t<\/div>\n\t\t\t\t<\/div>\n\t\t\t\t<div class=\"elementor-element elementor-element-9ff912c elementor-widget elementor-widget-image\" data-id=\"9ff912c\" data-element_type=\"widget\" data-e-type=\"widget\" data-widget_type=\"image.default\">\n\t\t\t\t<div class=\"elementor-widget-container\">\n\t\t\t\t\t\t\t\t\t\t\t\t\t\t\t<img loading=\"lazy\" decoding=\"async\" loading=\"lazy\" width=\"300\" height=\"108\" src=\"https:\/\/paulandernst.com\/wp-content\/uploads\/2024\/06\/google-meet-logo-300x108.webp\" class=\"attachment-medium size-medium wp-image-9201\" alt=\"\" srcset=\"https:\/\/paulandernst.com\/wp-content\/uploads\/2024\/06\/google-meet-logo-300x108.webp 300w, https:\/\/paulandernst.com\/wp-content\/uploads\/2024\/06\/google-meet-logo-768x276.webp 768w, https:\/\/paulandernst.com\/wp-content\/uploads\/2024\/06\/google-meet-logo.webp 800w\" sizes=\"auto, (max-width: 300px) 100vw, 300px\" \/>\t\t\t\t\t\t\t\t\t\t\t\t\t\t\t<\/div>\n\t\t\t\t<\/div>\n\t\t\t\t<\/div>\n\t\t\t\t<\/div>\n\t\t<div class=\"elementor-element elementor-element-e27a525 e-con-full container termin_vereinbaren e-flex e-con e-child\" data-id=\"e27a525\" data-element_type=\"container\" data-e-type=\"container\" data-settings=\"{&quot;background_background&quot;:&quot;classic&quot;}\">\n\t\t<div class=\"elementor-element elementor-element-e8e2267 e-con-full e-flex e-con e-child\" data-id=\"e8e2267\" data-element_type=\"container\" data-e-type=\"container\">\n\t\t\t\t<div class=\"elementor-element elementor-element-925b1e0 elementor-view-default elementor-widget elementor-widget-icon\" data-id=\"925b1e0\" data-element_type=\"widget\" data-e-type=\"widget\" data-widget_type=\"icon.default\">\n\t\t\t\t<div class=\"elementor-widget-container\">\n\t\t\t\t\t\t\t<div class=\"elementor-icon-wrapper\">\n\t\t\t<div class=\"elementor-icon\">\n\t\t\t<svg aria-hidden=\"true\" class=\"e-font-icon-svg e-fas-envelope\" viewBox=\"0 0 512 512\" xmlns=\"http:\/\/www.w3.org\/2000\/svg\"><path d=\"M502.3 190.8c3.9-3.1 9.7-.2 9.7 4.7V400c0 26.5-21.5 48-48 48H48c-26.5 0-48-21.5-48-48V195.6c0-5 5.7-7.8 9.7-4.7 22.4 17.4 52.1 39.5 154.1 113.6 21.1 15.4 56.7 47.8 92.2 47.6 35.7.3 72-32.8 92.3-47.6 102-74.1 131.6-96.3 154-113.7zM256 320c23.2.4 56.6-29.2 73.4-41.4 132.7-96.3 142.8-104.7 173.4-128.7 5.8-4.5 9.2-11.5 9.2-18.9v-19c0-26.5-21.5-48-48-48H48C21.5 64 0 85.5 0 112v19c0 7.4 3.4 14.3 9.2 18.9 30.6 23.9 40.7 32.4 173.4 128.7 16.8 12.2 50.2 41.8 73.4 41.4z\"><\/path><\/svg>\t\t\t<\/div>\n\t\t<\/div>\n\t\t\t\t\t\t<\/div>\n\t\t\t\t<\/div>\n\t\t\t\t<div class=\"elementor-element elementor-element-ff2b955 text elementor-widget elementor-widget-text-editor\" data-id=\"ff2b955\" data-element_type=\"widget\" data-e-type=\"widget\" data-widget_type=\"text-editor.default\">\n\t\t\t\t<div class=\"elementor-widget-container\">\n\t\t\t\t\t\t\t\t\t<p>DOCUMENTS ET INFOS PAR E-MAIL<\/p>\t\t\t\t\t\t\t\t<\/div>\n\t\t\t\t<\/div>\n\t\t<div class=\"elementor-element elementor-element-ebd0b61 e-con-full e-flex e-con e-child\" data-id=\"ebd0b61\" data-element_type=\"container\" data-e-type=\"container\">\n\t\t\t\t<div class=\"elementor-element elementor-element-d9cb085 icon elementor-view-default elementor-widget elementor-widget-icon\" data-id=\"d9cb085\" data-element_type=\"widget\" data-e-type=\"widget\" data-widget_type=\"icon.default\">\n\t\t\t\t<div class=\"elementor-widget-container\">\n\t\t\t\t\t\t\t<div class=\"elementor-icon-wrapper\">\n\t\t\t<div class=\"elementor-icon\">\n\t\t\t<svg aria-hidden=\"true\" class=\"e-font-icon-svg e-far-envelope\" viewBox=\"0 0 512 512\" xmlns=\"http:\/\/www.w3.org\/2000\/svg\"><path d=\"M464 64H48C21.49 64 0 85.49 0 112v288c0 26.51 21.49 48 48 48h416c26.51 0 48-21.49 48-48V112c0-26.51-21.49-48-48-48zm0 48v40.805c-22.422 18.259-58.168 46.651-134.587 106.49-16.841 13.247-50.201 45.072-73.413 44.701-23.208.375-56.579-31.459-73.413-44.701C106.18 199.465 70.425 171.067 48 152.805V112h416zM48 400V214.398c22.914 18.251 55.409 43.862 104.938 82.646 21.857 17.205 60.134 55.186 103.062 54.955 42.717.231 80.509-37.199 103.053-54.947 49.528-38.783 82.032-64.401 104.947-82.653V400H48z\"><\/path><\/svg>\t\t\t<\/div>\n\t\t<\/div>\n\t\t\t\t\t\t<\/div>\n\t\t\t\t<\/div>\n\t\t\t\t<div class=\"elementor-element elementor-element-6579cca text elementor-widget elementor-widget-text-editor\" data-id=\"6579cca\" data-element_type=\"widget\" data-e-type=\"widget\" data-widget_type=\"text-editor.default\">\n\t\t\t\t<div class=\"elementor-widget-container\">\n\t\t\t\t\t\t\t\t\t<p>E-MAIL<\/p>\t\t\t\t\t\t\t\t<\/div>\n\t\t\t\t<\/div>\n\t\t\t\t<\/div>\n\t\t\t\t<\/div>\n\t\t\t\t<\/div>\n\t\t\t\t<\/div>\n\t\t<div class=\"elementor-element elementor-element-42e5603 pue_footer e-con-full e-flex e-con e-child\" data-id=\"42e5603\" data-element_type=\"container\" data-e-type=\"container\" data-settings=\"{&quot;background_background&quot;:&quot;classic&quot;}\">\n\t\t<div class=\"elementor-element elementor-element-8b5a8ca e-con-full e-flex e-con e-child\" data-id=\"8b5a8ca\" data-element_type=\"container\" data-e-type=\"container\" data-settings=\"{&quot;background_background&quot;:&quot;classic&quot;}\">\n\t\t\t\t<div class=\"elementor-element elementor-element-58a9a72 elementor-widget__width-initial elementor-widget-mobile__width-initial elementor-widget elementor-widget-text-editor\" data-id=\"58a9a72\" data-element_type=\"widget\" data-e-type=\"widget\" data-widget_type=\"text-editor.default\">\n\t\t\t\t<div class=\"elementor-widget-container\">\n\t\t\t\t\t\t\t\t\t<p>Heures de bureau : Lundi &#8211; Jeudi 9:00 &#8211; 17:00 Vendredi 9:00 &#8211; 14:00<\/p>\t\t\t\t\t\t\t\t<\/div>\n\t\t\t\t<\/div>\n\t\t\t\t<div class=\"elementor-element elementor-element-9a01fc9 elementor-widget__width-initial elementor-widget-mobile__width-initial elementor-widget elementor-widget-text-editor\" data-id=\"9a01fc9\" data-element_type=\"widget\" data-e-type=\"widget\" data-widget_type=\"text-editor.default\">\n\t\t\t\t<div class=\"elementor-widget-container\">\n\t\t\t\t\t\t\t\t\t<p><a href=\"tel:+43136166100\">T\u00e9l\u00e9phone : +43 (0)1 36166100<\/a><\/p>\t\t\t\t\t\t\t\t<\/div>\n\t\t\t\t<\/div>\n\t\t\t\t<\/div>\n\t\t\t\t<\/div>\n\t\t\t\t\t<\/div>\n\t\t\t\t<\/div>\n\t\t\t\t<\/div>\n\t\t","protected":false},"excerpt":{"rendered":"<p>&lt; Retour Comment souhaitez-vous continuer ? PRENDRE RENDEZ-VOUS EN LIGNE DOCUMENTS ET INFOS PAR E-MAIL E-MAIL Heures de bureau : Lundi &#8211; Jeudi 9:00 &#8211; 17:00 Vendredi 9:00 &#8211; 14:00 T\u00e9l\u00e9phone : +43 (0)1 36166100<\/p>\n","protected":false},"author":2,"featured_media":10925,"parent":0,"menu_order":0,"comment_status":"closed","ping_status":"closed","template":"elementor_header_footer","meta":{"footnotes":""},"class_list":["post-19723","page","type-page","status-publish","has-post-thumbnail","hentry"],"yoast_head":"<!-- This site is optimized with the Yoast SEO plugin v27.5 - https:\/\/yoast.com\/product\/yoast-seo-wordpress\/ -->\n<title>contact-rendez-vous-mail - paulandernst.com<\/title>\n<meta name=\"robots\" content=\"index, follow, max-snippet:-1, max-image-preview:large, max-video-preview:-1\" \/>\n<link rel=\"canonical\" href=\"https:\/\/paulandernst.com\/fr\/contact-rendez-vous-mail\/\" \/>\n<meta property=\"og:locale\" content=\"fr_FR\" \/>\n<meta property=\"og:type\" content=\"article\" \/>\n<meta property=\"og:title\" content=\"contact-rendez-vous-mail - paulandernst.com\" \/>\n<meta property=\"og:description\" content=\"&lt; Retour Comment souhaitez-vous continuer ? PRENDRE RENDEZ-VOUS EN LIGNE DOCUMENTS ET INFOS PAR E-MAIL E-MAIL Heures de bureau : Lundi &#8211; Jeudi 9:00 &#8211; 17:00 Vendredi 9:00 &#8211; 14:00 T\u00e9l\u00e9phone : +43 (0)1 36166100\" \/>\n<meta property=\"og:url\" content=\"https:\/\/paulandernst.com\/fr\/contact-rendez-vous-mail\/\" \/>\n<meta property=\"og:site_name\" content=\"paulandernst.com\" \/>\n<meta property=\"article:publisher\" content=\"https:\/\/www.facebook.com\/paulundernst\" \/>\n<meta property=\"article:modified_time\" content=\"2025-07-09T09:02:11+00:00\" \/>\n<meta property=\"og:image\" content=\"https:\/\/paulandernst.com\/wp-content\/uploads\/2024\/07\/STREET-FOOD-BIKE-paul-und-ernst-TITEL-1024x640.webp\" \/>\n<meta name=\"twitter:card\" content=\"summary_large_image\" \/>\n<script type=\"application\/ld+json\" class=\"yoast-schema-graph\">{\"@context\":\"https:\\\/\\\/schema.org\",\"@graph\":[{\"@type\":\"WebPage\",\"@id\":\"https:\\\/\\\/paulandernst.com\\\/fr\\\/contact-rendez-vous-mail\\\/\",\"url\":\"https:\\\/\\\/paulandernst.com\\\/fr\\\/contact-rendez-vous-mail\\\/\",\"name\":\"contact-rendez-vous-mail - paulandernst.com\",\"isPartOf\":{\"@id\":\"https:\\\/\\\/paulandernst.com\\\/fr\\\/#website\"},\"primaryImageOfPage\":{\"@id\":\"https:\\\/\\\/paulandernst.com\\\/fr\\\/contact-rendez-vous-mail\\\/#primaryimage\"},\"image\":{\"@id\":\"https:\\\/\\\/paulandernst.com\\\/fr\\\/contact-rendez-vous-mail\\\/#primaryimage\"},\"thumbnailUrl\":\"https:\\\/\\\/paulandernst.com\\\/wp-content\\\/uploads\\\/2024\\\/07\\\/STREET-FOOD-BIKE-paul-und-ernst-TITEL.webp\",\"datePublished\":\"2025-07-09T08:42:56+00:00\",\"dateModified\":\"2025-07-09T09:02:11+00:00\",\"breadcrumb\":{\"@id\":\"https:\\\/\\\/paulandernst.com\\\/fr\\\/contact-rendez-vous-mail\\\/#breadcrumb\"},\"inLanguage\":\"fr-FR\",\"potentialAction\":[{\"@type\":\"ReadAction\",\"target\":[\"https:\\\/\\\/paulandernst.com\\\/fr\\\/contact-rendez-vous-mail\\\/\"]}]},{\"@type\":\"ImageObject\",\"inLanguage\":\"fr-FR\",\"@id\":\"https:\\\/\\\/paulandernst.com\\\/fr\\\/contact-rendez-vous-mail\\\/#primaryimage\",\"url\":\"https:\\\/\\\/paulandernst.com\\\/wp-content\\\/uploads\\\/2024\\\/07\\\/STREET-FOOD-BIKE-paul-und-ernst-TITEL.webp\",\"contentUrl\":\"https:\\\/\\\/paulandernst.com\\\/wp-content\\\/uploads\\\/2024\\\/07\\\/STREET-FOOD-BIKE-paul-und-ernst-TITEL.webp\",\"width\":1900,\"height\":1188,\"caption\":\"eine palette von street food bikes von paul und ernst. wahlweise f\u00fcr eis creme, als mobile k\u00fcche, als mobile cocktailbar, als mobile bier bar mit zapfanlage oder ganz einfach nur mit stauraum f\u00fcr marketing eins\u00e4tze.\"},{\"@type\":\"BreadcrumbList\",\"@id\":\"https:\\\/\\\/paulandernst.com\\\/fr\\\/contact-rendez-vous-mail\\\/#breadcrumb\",\"itemListElement\":[{\"@type\":\"ListItem\",\"position\":1,\"name\":\"Startseite\",\"item\":\"https:\\\/\\\/paulandernst.com\\\/fr\\\/street-food-solutions\\\/\"},{\"@type\":\"ListItem\",\"position\":2,\"name\":\"contact-rendez-vous-mail\"}]},{\"@type\":\"WebSite\",\"@id\":\"https:\\\/\\\/paulandernst.com\\\/fr\\\/#website\",\"url\":\"https:\\\/\\\/paulandernst.com\\\/fr\\\/\",\"name\":\"paulandernst.com\",\"description\":\"street food solutions\",\"publisher\":{\"@id\":\"https:\\\/\\\/paulandernst.com\\\/fr\\\/#organization\"},\"potentialAction\":[{\"@type\":\"SearchAction\",\"target\":{\"@type\":\"EntryPoint\",\"urlTemplate\":\"https:\\\/\\\/paulandernst.com\\\/fr\\\/?s={search_term_string}\"},\"query-input\":{\"@type\":\"PropertyValueSpecification\",\"valueRequired\":true,\"valueName\":\"search_term_string\"}}],\"inLanguage\":\"fr-FR\"},{\"@type\":\"Organization\",\"@id\":\"https:\\\/\\\/paulandernst.com\\\/fr\\\/#organization\",\"name\":\"paul&ernst GmbH\",\"url\":\"https:\\\/\\\/paulandernst.com\\\/fr\\\/\",\"logo\":{\"@type\":\"ImageObject\",\"inLanguage\":\"fr-FR\",\"@id\":\"https:\\\/\\\/paulandernst.com\\\/fr\\\/#\\\/schema\\\/logo\\\/image\\\/\",\"url\":\"https:\\\/\\\/paulandernst.com\\\/wp-content\\\/uploads\\\/2024\\\/03\\\/paul-und-ernst-logo-black.webp\",\"contentUrl\":\"https:\\\/\\\/paulandernst.com\\\/wp-content\\\/uploads\\\/2024\\\/03\\\/paul-und-ernst-logo-black.webp\",\"width\":700,\"height\":312,\"caption\":\"paul&ernst GmbH\"},\"image\":{\"@id\":\"https:\\\/\\\/paulandernst.com\\\/fr\\\/#\\\/schema\\\/logo\\\/image\\\/\"},\"sameAs\":[\"https:\\\/\\\/www.facebook.com\\\/paulundernst\",\"https:\\\/\\\/www.instagram.com\\\/paulundernst\\\/\",\"https:\\\/\\\/www.linkedin.com\\\/company\\\/51626836\\\/\",\"https:\\\/\\\/at.pinterest.com\\\/paulundernst\",\"https:\\\/\\\/www.youtube.com\\\/@paulandernst\"]}]}<\/script>\n<!-- \/ Yoast SEO plugin. -->","yoast_head_json":{"title":"contact-rendez-vous-mail - paulandernst.com","robots":{"index":"index","follow":"follow","max-snippet":"max-snippet:-1","max-image-preview":"max-image-preview:large","max-video-preview":"max-video-preview:-1"},"canonical":"https:\/\/paulandernst.com\/fr\/contact-rendez-vous-mail\/","og_locale":"fr_FR","og_type":"article","og_title":"contact-rendez-vous-mail - paulandernst.com","og_description":"&lt; Retour Comment souhaitez-vous continuer ? PRENDRE RENDEZ-VOUS EN LIGNE DOCUMENTS ET INFOS PAR E-MAIL E-MAIL Heures de bureau : Lundi &#8211; Jeudi 9:00 &#8211; 17:00 Vendredi 9:00 &#8211; 14:00 T\u00e9l\u00e9phone : +43 (0)1 36166100","og_url":"https:\/\/paulandernst.com\/fr\/contact-rendez-vous-mail\/","og_site_name":"paulandernst.com","article_publisher":"https:\/\/www.facebook.com\/paulundernst","article_modified_time":"2025-07-09T09:02:11+00:00","og_image":[{"url":"https:\/\/paulandernst.com\/wp-content\/uploads\/2024\/07\/STREET-FOOD-BIKE-paul-und-ernst-TITEL-1024x640.webp","type":"","width":"","height":""}],"twitter_card":"summary_large_image","schema":{"@context":"https:\/\/schema.org","@graph":[{"@type":"WebPage","@id":"https:\/\/paulandernst.com\/fr\/contact-rendez-vous-mail\/","url":"https:\/\/paulandernst.com\/fr\/contact-rendez-vous-mail\/","name":"contact-rendez-vous-mail - paulandernst.com","isPartOf":{"@id":"https:\/\/paulandernst.com\/fr\/#website"},"primaryImageOfPage":{"@id":"https:\/\/paulandernst.com\/fr\/contact-rendez-vous-mail\/#primaryimage"},"image":{"@id":"https:\/\/paulandernst.com\/fr\/contact-rendez-vous-mail\/#primaryimage"},"thumbnailUrl":"https:\/\/paulandernst.com\/wp-content\/uploads\/2024\/07\/STREET-FOOD-BIKE-paul-und-ernst-TITEL.webp","datePublished":"2025-07-09T08:42:56+00:00","dateModified":"2025-07-09T09:02:11+00:00","breadcrumb":{"@id":"https:\/\/paulandernst.com\/fr\/contact-rendez-vous-mail\/#breadcrumb"},"inLanguage":"fr-FR","potentialAction":[{"@type":"ReadAction","target":["https:\/\/paulandernst.com\/fr\/contact-rendez-vous-mail\/"]}]},{"@type":"ImageObject","inLanguage":"fr-FR","@id":"https:\/\/paulandernst.com\/fr\/contact-rendez-vous-mail\/#primaryimage","url":"https:\/\/paulandernst.com\/wp-content\/uploads\/2024\/07\/STREET-FOOD-BIKE-paul-und-ernst-TITEL.webp","contentUrl":"https:\/\/paulandernst.com\/wp-content\/uploads\/2024\/07\/STREET-FOOD-BIKE-paul-und-ernst-TITEL.webp","width":1900,"height":1188,"caption":"eine palette von street food bikes von paul und ernst. wahlweise f\u00fcr eis creme, als mobile k\u00fcche, als mobile cocktailbar, als mobile bier bar mit zapfanlage oder ganz einfach nur mit stauraum f\u00fcr marketing eins\u00e4tze."},{"@type":"BreadcrumbList","@id":"https:\/\/paulandernst.com\/fr\/contact-rendez-vous-mail\/#breadcrumb","itemListElement":[{"@type":"ListItem","position":1,"name":"Startseite","item":"https:\/\/paulandernst.com\/fr\/street-food-solutions\/"},{"@type":"ListItem","position":2,"name":"contact-rendez-vous-mail"}]},{"@type":"WebSite","@id":"https:\/\/paulandernst.com\/fr\/#website","url":"https:\/\/paulandernst.com\/fr\/","name":"paulandernst.com","description":"street food solutions","publisher":{"@id":"https:\/\/paulandernst.com\/fr\/#organization"},"potentialAction":[{"@type":"SearchAction","target":{"@type":"EntryPoint","urlTemplate":"https:\/\/paulandernst.com\/fr\/?s={search_term_string}"},"query-input":{"@type":"PropertyValueSpecification","valueRequired":true,"valueName":"search_term_string"}}],"inLanguage":"fr-FR"},{"@type":"Organization","@id":"https:\/\/paulandernst.com\/fr\/#organization","name":"paul&ernst GmbH","url":"https:\/\/paulandernst.com\/fr\/","logo":{"@type":"ImageObject","inLanguage":"fr-FR","@id":"https:\/\/paulandernst.com\/fr\/#\/schema\/logo\/image\/","url":"https:\/\/paulandernst.com\/wp-content\/uploads\/2024\/03\/paul-und-ernst-logo-black.webp","contentUrl":"https:\/\/paulandernst.com\/wp-content\/uploads\/2024\/03\/paul-und-ernst-logo-black.webp","width":700,"height":312,"caption":"paul&ernst GmbH"},"image":{"@id":"https:\/\/paulandernst.com\/fr\/#\/schema\/logo\/image\/"},"sameAs":["https:\/\/www.facebook.com\/paulundernst","https:\/\/www.instagram.com\/paulundernst\/","https:\/\/www.linkedin.com\/company\/51626836\/","https:\/\/at.pinterest.com\/paulundernst","https:\/\/www.youtube.com\/@paulandernst"]}]}},"_links":{"self":[{"href":"https:\/\/paulandernst.com\/fr\/wp-json\/wp\/v2\/pages\/19723","targetHints":{"allow":["GET"]}}],"collection":[{"href":"https:\/\/paulandernst.com\/fr\/wp-json\/wp\/v2\/pages"}],"about":[{"href":"https:\/\/paulandernst.com\/fr\/wp-json\/wp\/v2\/types\/page"}],"author":[{"embeddable":true,"href":"https:\/\/paulandernst.com\/fr\/wp-json\/wp\/v2\/users\/2"}],"replies":[{"embeddable":true,"href":"https:\/\/paulandernst.com\/fr\/wp-json\/wp\/v2\/comments?post=19723"}],"version-history":[{"count":7,"href":"https:\/\/paulandernst.com\/fr\/wp-json\/wp\/v2\/pages\/19723\/revisions"}],"predecessor-version":[{"id":19756,"href":"https:\/\/paulandernst.com\/fr\/wp-json\/wp\/v2\/pages\/19723\/revisions\/19756"}],"wp:featuredmedia":[{"embeddable":true,"href":"https:\/\/paulandernst.com\/fr\/wp-json\/wp\/v2\/media\/10925"}],"wp:attachment":[{"href":"https:\/\/paulandernst.com\/fr\/wp-json\/wp\/v2\/media?parent=19723"}],"curies":[{"name":"wp","href":"https:\/\/api.w.org\/{rel}","templated":true}]}}