{"id":13833,"date":"2024-08-02T10:33:04","date_gmt":"2024-08-02T08:33:04","guid":{"rendered":"https:\/\/paulandernst.com\/?page_id=13833"},"modified":"2024-08-02T10:39:42","modified_gmt":"2024-08-02T08:39:42","slug":"inscription-a-la-newsletter","status":"publish","type":"page","link":"https:\/\/paulandernst.com\/fr\/inscription-a-la-newsletter\/","title":{"rendered":"Newsletter &#8211; Confirmation"},"content":{"rendered":"\t\t<div data-elementor-type=\"wp-page\" data-elementor-id=\"13833\" class=\"elementor elementor-13833 elementor-13831\" data-elementor-post-type=\"page\">\n\t\t\t\t<div class=\"elementor-element elementor-element-3793d49 e-flex e-con-boxed e-con e-parent\" data-id=\"3793d49\" data-element_type=\"container\" data-e-type=\"container\" data-settings=\"{&quot;background_background&quot;:&quot;classic&quot;}\">\n\t\t\t\t\t<div class=\"e-con-inner\">\n\t\t<div class=\"elementor-element elementor-element-b887ac0 e-con-full e-flex e-con e-child\" data-id=\"b887ac0\" data-element_type=\"container\" data-e-type=\"container\">\n\t\t\t\t<div class=\"elementor-element elementor-element-53e3d40 elementor-widget elementor-widget-heading\" data-id=\"53e3d40\" data-element_type=\"widget\" data-e-type=\"widget\" data-widget_type=\"heading.default\">\n\t\t\t\t<div class=\"elementor-widget-container\">\n\t\t\t\t\t<h2 class=\"elementor-heading-title elementor-size-default\">Cool ! \ud83d\ude0e<\/h2>\t\t\t\t<\/div>\n\t\t\t\t<\/div>\n\t\t\t\t<\/div>\n\t\t\t\t<div class=\"elementor-element elementor-element-245bbf3 elementor-widget__width-initial elementor-widget elementor-widget-heading\" data-id=\"245bbf3\" data-element_type=\"widget\" data-e-type=\"widget\" data-widget_type=\"heading.default\">\n\t\t\t\t<div class=\"elementor-widget-container\">\n\t\t\t\t\t<h3 class=\"elementor-heading-title elementor-size-default\">D\u00c9SORMAIS, VOUS AVEZ LA POSSIBILIT\u00c9 D'\u00caTRE LE PREMIER \u00c0 PARTICIPER \u00c0 CHAQUE ACTION.<\/h3>\t\t\t\t<\/div>\n\t\t\t\t<\/div>\n\t\t\t\t<div class=\"elementor-element elementor-element-474084d elementor-widget elementor-widget-text-editor\" data-id=\"474084d\" data-element_type=\"widget\" data-e-type=\"widget\" data-widget_type=\"text-editor.default\">\n\t\t\t\t<div class=\"elementor-widget-container\">\n\t\t\t\t\t\t\t\t\t<p>Votre \u00e9quipe paul&amp;ernst.<\/p>\n\t\t\t\t\t\t\t\t<\/div>\n\t\t\t\t<\/div>\n\t\t\t\t<div class=\"elementor-element elementor-element-7b90caf back-history elementor-widget elementor-widget-button\" data-id=\"7b90caf\" data-element_type=\"widget\" data-e-type=\"widget\" data-widget_type=\"button.default\">\n\t\t\t\t<div class=\"elementor-widget-container\">\n\t\t\t\t\t\t\t\t\t<div class=\"elementor-button-wrapper\">\n\t\t\t\t\t<a class=\"elementor-button elementor-button-link elementor-size-sm\" href=\"#\">\n\t\t\t\t\t\t<span class=\"elementor-button-content-wrapper\">\n\t\t\t\t\t\t<span class=\"elementor-button-icon\">\n\t\t\t\t<svg aria-hidden=\"true\" class=\"e-font-icon-svg e-fas-arrow-circle-left\" viewBox=\"0 0 512 512\" xmlns=\"http:\/\/www.w3.org\/2000\/svg\"><path d=\"M256 504C119 504 8 393 8 256S119 8 256 8s248 111 248 248-111 248-248 248zm28.9-143.6L209.4 288H392c13.3 0 24-10.7 24-24v-16c0-13.3-10.7-24-24-24H209.4l75.5-72.4c9.7-9.3 9.9-24.8.4-34.3l-11-10.9c-9.4-9.4-24.6-9.4-33.9 0L107.7 239c-9.4 9.4-9.4 24.6 0 33.9l132.7 132.7c9.4 9.4 24.6 9.4 33.9 0l11-10.9c9.5-9.5 9.3-25-.4-34.3z\"><\/path><\/svg>\t\t\t<\/span>\n\t\t\t\t\t\t\t\t\t<span class=\"elementor-button-text\">Retour \u00e0 la page pr\u00e9c\u00e9dente<\/span>\n\t\t\t\t\t<\/span>\n\t\t\t\t\t<\/a>\n\t\t\t\t<\/div>\n\t\t\t\t\t\t\t\t<\/div>\n\t\t\t\t<\/div>\n\t\t\t\t<div class=\"elementor-element elementor-element-5c8359f elementor-widget elementor-widget-html\" data-id=\"5c8359f\" data-element_type=\"widget\" data-e-type=\"widget\" data-widget_type=\"html.default\">\n\t\t\t\t<div class=\"elementor-widget-container\">\n\t\t\t\t\t<script>document.addEventListener('DOMContentLoaded', function () {\n    let backButtons = document.querySelectorAll('.back-history');\n    backButtons.forEach(function (backButton) {\n        backButton.addEventListener('click', function (e) {\n            e.preventDefault();\n            history.back();\n        });\n    });\n});\n<\/script>\t\t\t\t<\/div>\n\t\t\t\t<\/div>\n\t\t\t\t\t<\/div>\n\t\t\t\t<\/div>\n\t\t\t\t<\/div>\n\t\t","protected":false},"excerpt":{"rendered":"<p>Cool ! \ud83d\ude0e D\u00c9SORMAIS, VOUS AVEZ LA POSSIBILIT\u00c9 D&rsquo;\u00caTRE LE PREMIER \u00c0 PARTICIPER \u00c0 CHAQUE ACTION. Votre \u00e9quipe paul&amp;ernst. Retour \u00e0 la page pr\u00e9c\u00e9dente<\/p>\n","protected":false},"author":2,"featured_media":0,"parent":0,"menu_order":0,"comment_status":"closed","ping_status":"closed","template":"elementor_header_footer","meta":{"footnotes":""},"class_list":["post-13833","page","type-page","status-publish","hentry"],"yoast_head":"<!-- This site is optimized with the Yoast SEO plugin v27.5 - https:\/\/yoast.com\/product\/yoast-seo-wordpress\/ -->\n<title>Newsletter - Confirmation - paulandernst.com<\/title>\n<meta name=\"robots\" content=\"index, follow, max-snippet:-1, max-image-preview:large, max-video-preview:-1\" \/>\n<link rel=\"canonical\" href=\"https:\/\/paulandernst.com\/fr\/inscription-a-la-newsletter\/\" \/>\n<meta property=\"og:locale\" content=\"fr_FR\" \/>\n<meta property=\"og:type\" content=\"article\" \/>\n<meta property=\"og:title\" content=\"Newsletter - Confirmation - paulandernst.com\" \/>\n<meta property=\"og:description\" content=\"Cool ! \ud83d\ude0e D\u00c9SORMAIS, VOUS AVEZ LA POSSIBILIT\u00c9 D&rsquo;\u00caTRE LE PREMIER \u00c0 PARTICIPER \u00c0 CHAQUE ACTION. Votre \u00e9quipe paul&amp;ernst. Retour \u00e0 la page pr\u00e9c\u00e9dente\" \/>\n<meta property=\"og:url\" content=\"https:\/\/paulandernst.com\/fr\/inscription-a-la-newsletter\/\" \/>\n<meta property=\"og:site_name\" content=\"paulandernst.com\" \/>\n<meta property=\"article:publisher\" content=\"https:\/\/www.facebook.com\/paulundernst\" \/>\n<meta property=\"article:modified_time\" content=\"2024-08-02T08:39:42+00:00\" \/>\n<meta property=\"og:image\" content=\"https:\/\/paulandernst.com\/wp-content\/uploads\/2024\/07\/STREET-FOOD-BIKE-paul-und-ernst-TITEL.webp\" \/>\n\t<meta property=\"og:image:width\" content=\"1900\" \/>\n\t<meta property=\"og:image:height\" content=\"1188\" \/>\n\t<meta property=\"og:image:type\" content=\"image\/webp\" \/>\n<meta name=\"twitter:card\" content=\"summary_large_image\" \/>\n<script type=\"application\/ld+json\" class=\"yoast-schema-graph\">{\"@context\":\"https:\\\/\\\/schema.org\",\"@graph\":[{\"@type\":\"WebPage\",\"@id\":\"https:\\\/\\\/paulandernst.com\\\/fr\\\/inscription-a-la-newsletter\\\/\",\"url\":\"https:\\\/\\\/paulandernst.com\\\/fr\\\/inscription-a-la-newsletter\\\/\",\"name\":\"Newsletter - Confirmation - paulandernst.com\",\"isPartOf\":{\"@id\":\"https:\\\/\\\/paulandernst.com\\\/fr\\\/#website\"},\"datePublished\":\"2024-08-02T08:33:04+00:00\",\"dateModified\":\"2024-08-02T08:39:42+00:00\",\"breadcrumb\":{\"@id\":\"https:\\\/\\\/paulandernst.com\\\/fr\\\/inscription-a-la-newsletter\\\/#breadcrumb\"},\"inLanguage\":\"fr-FR\",\"potentialAction\":[{\"@type\":\"ReadAction\",\"target\":[\"https:\\\/\\\/paulandernst.com\\\/fr\\\/inscription-a-la-newsletter\\\/\"]}]},{\"@type\":\"BreadcrumbList\",\"@id\":\"https:\\\/\\\/paulandernst.com\\\/fr\\\/inscription-a-la-newsletter\\\/#breadcrumb\",\"itemListElement\":[{\"@type\":\"ListItem\",\"position\":1,\"name\":\"Startseite\",\"item\":\"https:\\\/\\\/paulandernst.com\\\/fr\\\/street-food-solutions\\\/\"},{\"@type\":\"ListItem\",\"position\":2,\"name\":\"Newsletter &#8211; Confirmation\"}]},{\"@type\":\"WebSite\",\"@id\":\"https:\\\/\\\/paulandernst.com\\\/fr\\\/#website\",\"url\":\"https:\\\/\\\/paulandernst.com\\\/fr\\\/\",\"name\":\"paulandernst.com\",\"description\":\"street food solutions\",\"publisher\":{\"@id\":\"https:\\\/\\\/paulandernst.com\\\/fr\\\/#organization\"},\"potentialAction\":[{\"@type\":\"SearchAction\",\"target\":{\"@type\":\"EntryPoint\",\"urlTemplate\":\"https:\\\/\\\/paulandernst.com\\\/fr\\\/?s={search_term_string}\"},\"query-input\":{\"@type\":\"PropertyValueSpecification\",\"valueRequired\":true,\"valueName\":\"search_term_string\"}}],\"inLanguage\":\"fr-FR\"},{\"@type\":\"Organization\",\"@id\":\"https:\\\/\\\/paulandernst.com\\\/fr\\\/#organization\",\"name\":\"paul&ernst GmbH\",\"url\":\"https:\\\/\\\/paulandernst.com\\\/fr\\\/\",\"logo\":{\"@type\":\"ImageObject\",\"inLanguage\":\"fr-FR\",\"@id\":\"https:\\\/\\\/paulandernst.com\\\/fr\\\/#\\\/schema\\\/logo\\\/image\\\/\",\"url\":\"https:\\\/\\\/paulandernst.com\\\/wp-content\\\/uploads\\\/2024\\\/03\\\/paul-und-ernst-logo-black.webp\",\"contentUrl\":\"https:\\\/\\\/paulandernst.com\\\/wp-content\\\/uploads\\\/2024\\\/03\\\/paul-und-ernst-logo-black.webp\",\"width\":700,\"height\":312,\"caption\":\"paul&ernst GmbH\"},\"image\":{\"@id\":\"https:\\\/\\\/paulandernst.com\\\/fr\\\/#\\\/schema\\\/logo\\\/image\\\/\"},\"sameAs\":[\"https:\\\/\\\/www.facebook.com\\\/paulundernst\",\"https:\\\/\\\/www.instagram.com\\\/paulundernst\\\/\",\"https:\\\/\\\/www.linkedin.com\\\/company\\\/51626836\\\/\",\"https:\\\/\\\/at.pinterest.com\\\/paulundernst\",\"https:\\\/\\\/www.youtube.com\\\/@paulandernst\"]}]}<\/script>\n<!-- \/ Yoast SEO plugin. -->","yoast_head_json":{"title":"Newsletter - Confirmation - paulandernst.com","robots":{"index":"index","follow":"follow","max-snippet":"max-snippet:-1","max-image-preview":"max-image-preview:large","max-video-preview":"max-video-preview:-1"},"canonical":"https:\/\/paulandernst.com\/fr\/inscription-a-la-newsletter\/","og_locale":"fr_FR","og_type":"article","og_title":"Newsletter - Confirmation - paulandernst.com","og_description":"Cool ! \ud83d\ude0e D\u00c9SORMAIS, VOUS AVEZ LA POSSIBILIT\u00c9 D&rsquo;\u00caTRE LE PREMIER \u00c0 PARTICIPER \u00c0 CHAQUE ACTION. Votre \u00e9quipe paul&amp;ernst. Retour \u00e0 la page pr\u00e9c\u00e9dente","og_url":"https:\/\/paulandernst.com\/fr\/inscription-a-la-newsletter\/","og_site_name":"paulandernst.com","article_publisher":"https:\/\/www.facebook.com\/paulundernst","article_modified_time":"2024-08-02T08:39:42+00:00","og_image":[{"width":1900,"height":1188,"url":"https:\/\/paulandernst.com\/wp-content\/uploads\/2024\/07\/STREET-FOOD-BIKE-paul-und-ernst-TITEL.webp","type":"image\/webp"}],"twitter_card":"summary_large_image","schema":{"@context":"https:\/\/schema.org","@graph":[{"@type":"WebPage","@id":"https:\/\/paulandernst.com\/fr\/inscription-a-la-newsletter\/","url":"https:\/\/paulandernst.com\/fr\/inscription-a-la-newsletter\/","name":"Newsletter - Confirmation - paulandernst.com","isPartOf":{"@id":"https:\/\/paulandernst.com\/fr\/#website"},"datePublished":"2024-08-02T08:33:04+00:00","dateModified":"2024-08-02T08:39:42+00:00","breadcrumb":{"@id":"https:\/\/paulandernst.com\/fr\/inscription-a-la-newsletter\/#breadcrumb"},"inLanguage":"fr-FR","potentialAction":[{"@type":"ReadAction","target":["https:\/\/paulandernst.com\/fr\/inscription-a-la-newsletter\/"]}]},{"@type":"BreadcrumbList","@id":"https:\/\/paulandernst.com\/fr\/inscription-a-la-newsletter\/#breadcrumb","itemListElement":[{"@type":"ListItem","position":1,"name":"Startseite","item":"https:\/\/paulandernst.com\/fr\/street-food-solutions\/"},{"@type":"ListItem","position":2,"name":"Newsletter &#8211; Confirmation"}]},{"@type":"WebSite","@id":"https:\/\/paulandernst.com\/fr\/#website","url":"https:\/\/paulandernst.com\/fr\/","name":"paulandernst.com","description":"street food solutions","publisher":{"@id":"https:\/\/paulandernst.com\/fr\/#organization"},"potentialAction":[{"@type":"SearchAction","target":{"@type":"EntryPoint","urlTemplate":"https:\/\/paulandernst.com\/fr\/?s={search_term_string}"},"query-input":{"@type":"PropertyValueSpecification","valueRequired":true,"valueName":"search_term_string"}}],"inLanguage":"fr-FR"},{"@type":"Organization","@id":"https:\/\/paulandernst.com\/fr\/#organization","name":"paul&ernst GmbH","url":"https:\/\/paulandernst.com\/fr\/","logo":{"@type":"ImageObject","inLanguage":"fr-FR","@id":"https:\/\/paulandernst.com\/fr\/#\/schema\/logo\/image\/","url":"https:\/\/paulandernst.com\/wp-content\/uploads\/2024\/03\/paul-und-ernst-logo-black.webp","contentUrl":"https:\/\/paulandernst.com\/wp-content\/uploads\/2024\/03\/paul-und-ernst-logo-black.webp","width":700,"height":312,"caption":"paul&ernst GmbH"},"image":{"@id":"https:\/\/paulandernst.com\/fr\/#\/schema\/logo\/image\/"},"sameAs":["https:\/\/www.facebook.com\/paulundernst","https:\/\/www.instagram.com\/paulundernst\/","https:\/\/www.linkedin.com\/company\/51626836\/","https:\/\/at.pinterest.com\/paulundernst","https:\/\/www.youtube.com\/@paulandernst"]}]}},"_links":{"self":[{"href":"https:\/\/paulandernst.com\/fr\/wp-json\/wp\/v2\/pages\/13833","targetHints":{"allow":["GET"]}}],"collection":[{"href":"https:\/\/paulandernst.com\/fr\/wp-json\/wp\/v2\/pages"}],"about":[{"href":"https:\/\/paulandernst.com\/fr\/wp-json\/wp\/v2\/types\/page"}],"author":[{"embeddable":true,"href":"https:\/\/paulandernst.com\/fr\/wp-json\/wp\/v2\/users\/2"}],"replies":[{"embeddable":true,"href":"https:\/\/paulandernst.com\/fr\/wp-json\/wp\/v2\/comments?post=13833"}],"version-history":[{"count":6,"href":"https:\/\/paulandernst.com\/fr\/wp-json\/wp\/v2\/pages\/13833\/revisions"}],"predecessor-version":[{"id":13850,"href":"https:\/\/paulandernst.com\/fr\/wp-json\/wp\/v2\/pages\/13833\/revisions\/13850"}],"wp:attachment":[{"href":"https:\/\/paulandernst.com\/fr\/wp-json\/wp\/v2\/media?parent=13833"}],"curies":[{"name":"wp","href":"https:\/\/api.w.org\/{rel}","templated":true}]}}