{"id":13709,"date":"2024-06-24T13:22:43","date_gmt":"2024-06-24T11:22:43","guid":{"rendered":"https:\/\/paulandernst.com\/configurateur\/"},"modified":"2025-03-25T11:30:46","modified_gmt":"2025-03-25T10:30:46","slug":"configurateur","status":"publish","type":"page","link":"https:\/\/paulandernst.com\/fr\/configurateur\/","title":{"rendered":"Configurateur"},"content":{"rendered":"\t\t<div data-elementor-type=\"wp-page\" data-elementor-id=\"13709\" class=\"elementor elementor-13709 elementor-8739\" data-elementor-post-type=\"page\">\n\t\t\t\t<div class=\"elementor-element elementor-element-9d8e183 e-flex e-con-boxed e-con e-parent\" data-id=\"9d8e183\" data-element_type=\"container\" data-e-type=\"container\">\n\t\t\t\t\t<div class=\"e-con-inner\">\n\t\t\t\t<div class=\"elementor-element elementor-element-8952c3b elementor-widget__width-initial elementor-widget elementor-widget-html\" data-id=\"8952c3b\" data-element_type=\"widget\" data-e-type=\"widget\" data-widget_type=\"html.default\">\n\t\t\t\t<div class=\"elementor-widget-container\">\n\t\t\t\t\t<script>\n    function getQueryParam(paramName) {\n        let urlParams = new URLSearchParams(window.location.search);\n        return urlParams.get(paramName);\n    }\n\n<\/script>\n<iframe src=\"https:\/\/konfigurator.paulandernst.net\/konfigurator-bike-2022\/?lng=en\" id=\"configurator-iframe\" scrolling=\"no\"><\/iframe>\n<script>\n    const iframe = document.getElementById(\"configurator-iframe\");\n    let src = getQueryParam(\"utm_source\");\n    let medium = getQueryParam(\"utm_medium\");\n    let campaign = getQueryParam(\"utm_campaign\");\n    let content = getQueryParam(\"utm_content\");\n    let term = getQueryParam(\"utm_term\");\n    let new_iframe_src = iframe.src;\n    if (src) {\n        new_iframe_src += \"&src=\" + src;\n    }\n    if (medium) {\n        new_iframe_src += \"&medium=\" + medium;\n    }\n    if (campaign) {\n        new_iframe_src += \"&campaign=\" + campaign;\n    }\n    if (content) {\n        new_iframe_src += \"&content=\" + content;\n    }\n    if(term) {\n        new_iframe_src += \"&term=\" + term;\n    }\n    new_iframe_src += \"&Page%20URL=\" + encodeURIComponent(window.location.href);\n    iframe.src = new_iframe_src;\n    window.addEventListener('message', message => {\n        const iframe_origin = new URL(iframe.src).origin;\n        if (message.origin !== iframe_origin) {\n            return;\n        }\n        if (message.data == \"paul_and_ernst_konfigurator_finished\") {\n            window.location.href = \"https:\/\/paulandernst.com\/thank-you-redirect-configurator\/\";\n        }\n    });\n<\/script>\n<script>iFrameResize()<\/script>\n<style>\n    iframe {\n        width: 1px;\n        min-width: 100%;\n        height: 2200px;\n    }\n<\/style>\t\t\t\t<\/div>\n\t\t\t\t<\/div>\n\t\t\t\t\t<\/div>\n\t\t\t\t<\/div>\n\t\t<div class=\"elementor-element elementor-element-b1c859c e-flex e-con-boxed e-con e-parent\" data-id=\"b1c859c\" data-element_type=\"container\" data-e-type=\"container\">\n\t\t\t\t\t<div class=\"e-con-inner\">\n\t\t\t\t<div class=\"elementor-element elementor-element-3485d6b elementor-widget-divider--view-line elementor-widget elementor-widget-divider\" data-id=\"3485d6b\" data-element_type=\"widget\" data-e-type=\"widget\" data-widget_type=\"divider.default\">\n\t\t\t\t<div class=\"elementor-widget-container\">\n\t\t\t\t\t\t\t<div class=\"elementor-divider\">\n\t\t\t<span class=\"elementor-divider-separator\">\n\t\t\t\t\t\t<\/span>\n\t\t<\/div>\n\t\t\t\t\t\t<\/div>\n\t\t\t\t<\/div>\n\t\t\t\t\t<\/div>\n\t\t\t\t<\/div>\n\t\t<div class=\"elementor-element elementor-element-7a6783d e-flex e-con-boxed e-con e-parent\" data-id=\"7a6783d\" data-element_type=\"container\" data-e-type=\"container\">\n\t\t\t\t\t<div class=\"e-con-inner\">\n\t\t\t\t<div class=\"elementor-element elementor-element-171e619 elementor-widget elementor-widget-heading\" data-id=\"171e619\" data-element_type=\"widget\" data-e-type=\"widget\" data-widget_type=\"heading.default\">\n\t\t\t\t<div class=\"elementor-widget-container\">\n\t\t\t\t\t<h2 class=\"elementor-heading-title elementor-size-default\">SIGNES &amp; SYMBOLES<\/h2>\t\t\t\t<\/div>\n\t\t\t\t<\/div>\n\t\t\t\t\t<\/div>\n\t\t\t\t<\/div>\n\t\t<div class=\"elementor-element elementor-element-7026f85 e-grid e-con-boxed e-con e-parent\" data-id=\"7026f85\" data-element_type=\"container\" data-e-type=\"container\">\n\t\t\t\t\t<div class=\"e-con-inner\">\n\t\t<div class=\"elementor-element elementor-element-b4f0e9e e-con-full e-flex e-con e-child\" data-id=\"b4f0e9e\" data-element_type=\"container\" data-e-type=\"container\">\n\t\t\t\t<div class=\"elementor-element elementor-element-047f3d0 elementor-widget elementor-widget-image\" data-id=\"047f3d0\" data-element_type=\"widget\" data-e-type=\"widget\" data-widget_type=\"image.default\">\n\t\t\t\t<div class=\"elementor-widget-container\">\n\t\t\t\t\t\t\t\t\t\t\t\t\t\t\t<img loading=\"lazy\" decoding=\"async\" loading=\"lazy\" width=\"86\" height=\"85\" src=\"https:\/\/paulandernst.com\/wp-content\/uploads\/2024\/06\/electro__konfigurator_paulundernst.png\" class=\"attachment-full size-full wp-image-8743\" alt=\"\" \/>\t\t\t\t\t\t\t\t\t\t\t\t\t\t\t<\/div>\n\t\t\t\t<\/div>\n\t\t\t\t<div class=\"elementor-element elementor-element-62da611 elementor-widget elementor-widget-heading\" data-id=\"62da611\" data-element_type=\"widget\" data-e-type=\"widget\" data-widget_type=\"heading.default\">\n\t\t\t\t<div class=\"elementor-widget-container\">\n\t\t\t\t\t<h3 class=\"elementor-heading-title elementor-size-default\">\u00c9LECTRO<\/h3>\t\t\t\t<\/div>\n\t\t\t\t<\/div>\n\t\t\t\t<\/div>\n\t\t<div class=\"elementor-element elementor-element-f26396c e-con-full e-flex e-con e-child\" data-id=\"f26396c\" data-element_type=\"container\" data-e-type=\"container\">\n\t\t\t\t<div class=\"elementor-element elementor-element-e92a15d elementor-widget elementor-widget-image\" data-id=\"e92a15d\" data-element_type=\"widget\" data-e-type=\"widget\" data-widget_type=\"image.default\">\n\t\t\t\t<div class=\"elementor-widget-container\">\n\t\t\t\t\t\t\t\t\t\t\t\t\t\t\t<img loading=\"lazy\" decoding=\"async\" loading=\"lazy\" width=\"86\" height=\"85\" src=\"https:\/\/paulandernst.com\/wp-content\/uploads\/2024\/06\/gas_konfigurator_paulundernst.png\" class=\"attachment-full size-full wp-image-8746\" alt=\"\" \/>\t\t\t\t\t\t\t\t\t\t\t\t\t\t\t<\/div>\n\t\t\t\t<\/div>\n\t\t\t\t<div class=\"elementor-element elementor-element-636bd2f elementor-widget elementor-widget-heading\" data-id=\"636bd2f\" data-element_type=\"widget\" data-e-type=\"widget\" data-widget_type=\"heading.default\">\n\t\t\t\t<div class=\"elementor-widget-container\">\n\t\t\t\t\t<h3 class=\"elementor-heading-title elementor-size-default\">GAS<\/h3>\t\t\t\t<\/div>\n\t\t\t\t<\/div>\n\t\t\t\t<\/div>\n\t\t<div class=\"elementor-element elementor-element-0814e52 e-con-full e-flex e-con e-child\" data-id=\"0814e52\" data-element_type=\"container\" data-e-type=\"container\">\n\t\t\t\t<div class=\"elementor-element elementor-element-30e87ef elementor-widget elementor-widget-image\" data-id=\"30e87ef\" data-element_type=\"widget\" data-e-type=\"widget\" data-widget_type=\"image.default\">\n\t\t\t\t<div class=\"elementor-widget-container\">\n\t\t\t\t\t\t\t\t\t\t\t\t\t\t\t<img loading=\"lazy\" decoding=\"async\" loading=\"lazy\" width=\"86\" height=\"85\" src=\"https:\/\/paulandernst.com\/wp-content\/uploads\/2024\/06\/GasElectro_konfigurator_paulundernst.png\" class=\"attachment-full size-full wp-image-8749\" alt=\"\" \/>\t\t\t\t\t\t\t\t\t\t\t\t\t\t\t<\/div>\n\t\t\t\t<\/div>\n\t\t\t\t<div class=\"elementor-element elementor-element-5f4efcc elementor-widget elementor-widget-heading\" data-id=\"5f4efcc\" data-element_type=\"widget\" data-e-type=\"widget\" data-widget_type=\"heading.default\">\n\t\t\t\t<div class=\"elementor-widget-container\">\n\t\t\t\t\t<h3 class=\"elementor-heading-title elementor-size-default\">GAZ + ELECTRO<\/h3>\t\t\t\t<\/div>\n\t\t\t\t<\/div>\n\t\t\t\t<\/div>\n\t\t<div class=\"elementor-element elementor-element-60fcfed e-con-full e-flex e-con e-child\" data-id=\"60fcfed\" data-element_type=\"container\" data-e-type=\"container\">\n\t\t\t\t<div class=\"elementor-element elementor-element-6610e06 elementor-widget elementor-widget-image\" data-id=\"6610e06\" data-element_type=\"widget\" data-e-type=\"widget\" data-widget_type=\"image.default\">\n\t\t\t\t<div class=\"elementor-widget-container\">\n\t\t\t\t\t\t\t\t\t\t\t\t\t\t\t<img loading=\"lazy\" decoding=\"async\" loading=\"lazy\" width=\"86\" height=\"85\" src=\"https:\/\/paulandernst.com\/wp-content\/uploads\/2024\/06\/Limited_usability_konfigurator_paulundernst.png\" class=\"attachment-full size-full wp-image-8752\" alt=\"\" \/>\t\t\t\t\t\t\t\t\t\t\t\t\t\t\t<\/div>\n\t\t\t\t<\/div>\n\t\t\t\t<div class=\"elementor-element elementor-element-cf9fc59 elementor-widget elementor-widget-heading\" data-id=\"cf9fc59\" data-element_type=\"widget\" data-e-type=\"widget\" data-widget_type=\"heading.default\">\n\t\t\t\t<div class=\"elementor-widget-container\">\n\t\t\t\t\t<h3 class=\"elementor-heading-title elementor-size-default\">UTILISATION LIMIT\u00c9E\n<\/h3>\t\t\t\t<\/div>\n\t\t\t\t<\/div>\n\t\t\t\t<\/div>\n\t\t\t\t\t<\/div>\n\t\t\t\t<\/div>\n\t\t\t\t<\/div>\n\t\t","protected":false},"excerpt":{"rendered":"<p>SIGNES &amp; SYMBOLES \u00c9LECTRO GAS GAZ + ELECTRO UTILISATION LIMIT\u00c9E<\/p>\n","protected":false},"author":2,"featured_media":6203,"parent":0,"menu_order":0,"comment_status":"closed","ping_status":"closed","template":"elementor_header_footer","meta":{"footnotes":""},"class_list":["post-13709","page","type-page","status-publish","has-post-thumbnail","hentry"],"yoast_head":"<!-- This site is optimized with the Yoast SEO plugin v27.3 - https:\/\/yoast.com\/product\/yoast-seo-wordpress\/ -->\n<title>Configurateur - paul&amp;ernst<\/title>\n<meta name=\"description\" content=\"Con\u00e7ois et configure ton v\u00e9lo comme tu le souhaites - du choix des couleurs \u00e0 celui des appareils de cuisson. Tout est possible !\" \/>\n<meta name=\"robots\" content=\"index, follow, max-snippet:-1, max-image-preview:large, max-video-preview:-1\" \/>\n<link rel=\"canonical\" href=\"https:\/\/paulandernst.com\/fr\/configurateur\/\" \/>\n<meta property=\"og:locale\" content=\"fr_FR\" \/>\n<meta property=\"og:type\" content=\"article\" \/>\n<meta property=\"og:title\" content=\"Configurateur - paul&amp;ernst\" \/>\n<meta property=\"og:description\" content=\"Con\u00e7ois et configure ton v\u00e9lo comme tu le souhaites - du choix des couleurs \u00e0 celui des appareils de cuisson. Tout est possible !\" \/>\n<meta property=\"og:url\" content=\"https:\/\/paulandernst.com\/fr\/configurateur\/\" \/>\n<meta property=\"og:site_name\" content=\"paulandernst.com\" \/>\n<meta property=\"article:publisher\" content=\"https:\/\/www.facebook.com\/paulundernst\" \/>\n<meta property=\"article:modified_time\" content=\"2025-03-25T10:30:46+00:00\" \/>\n<meta property=\"og:image\" content=\"https:\/\/paulandernst.com\/wp-content\/uploads\/2024\/05\/ipad-beverage-bike.webp\" \/>\n\t<meta property=\"og:image:width\" content=\"1386\" \/>\n\t<meta property=\"og:image:height\" content=\"736\" \/>\n\t<meta property=\"og:image:type\" content=\"image\/webp\" \/>\n<meta name=\"twitter:card\" content=\"summary_large_image\" \/>\n<script type=\"application\/ld+json\" class=\"yoast-schema-graph\">{\"@context\":\"https:\\\/\\\/schema.org\",\"@graph\":[{\"@type\":\"WebPage\",\"@id\":\"https:\\\/\\\/paulandernst.com\\\/fr\\\/configurateur\\\/\",\"url\":\"https:\\\/\\\/paulandernst.com\\\/fr\\\/configurateur\\\/\",\"name\":\"Configurateur - paul&ernst\",\"isPartOf\":{\"@id\":\"https:\\\/\\\/paulandernst.com\\\/fr\\\/#website\"},\"primaryImageOfPage\":{\"@id\":\"https:\\\/\\\/paulandernst.com\\\/fr\\\/configurateur\\\/#primaryimage\"},\"image\":{\"@id\":\"https:\\\/\\\/paulandernst.com\\\/fr\\\/configurateur\\\/#primaryimage\"},\"thumbnailUrl\":\"https:\\\/\\\/paulandernst.com\\\/wp-content\\\/uploads\\\/2024\\\/05\\\/ipad-beverage-bike.webp\",\"datePublished\":\"2024-06-24T11:22:43+00:00\",\"dateModified\":\"2025-03-25T10:30:46+00:00\",\"description\":\"Con\u00e7ois et configure ton v\u00e9lo comme tu le souhaites - du choix des couleurs \u00e0 celui des appareils de cuisson. Tout est possible !\",\"breadcrumb\":{\"@id\":\"https:\\\/\\\/paulandernst.com\\\/fr\\\/configurateur\\\/#breadcrumb\"},\"inLanguage\":\"fr-FR\",\"potentialAction\":[{\"@type\":\"ReadAction\",\"target\":[\"https:\\\/\\\/paulandernst.com\\\/fr\\\/configurateur\\\/\"]}]},{\"@type\":\"ImageObject\",\"inLanguage\":\"fr-FR\",\"@id\":\"https:\\\/\\\/paulandernst.com\\\/fr\\\/configurateur\\\/#primaryimage\",\"url\":\"https:\\\/\\\/paulandernst.com\\\/wp-content\\\/uploads\\\/2024\\\/05\\\/ipad-beverage-bike.webp\",\"contentUrl\":\"https:\\\/\\\/paulandernst.com\\\/wp-content\\\/uploads\\\/2024\\\/05\\\/ipad-beverage-bike.webp\",\"width\":1386,\"height\":736},{\"@type\":\"BreadcrumbList\",\"@id\":\"https:\\\/\\\/paulandernst.com\\\/fr\\\/configurateur\\\/#breadcrumb\",\"itemListElement\":[{\"@type\":\"ListItem\",\"position\":1,\"name\":\"Startseite\",\"item\":\"https:\\\/\\\/paulandernst.com\\\/fr\\\/street-food-solutions\\\/\"},{\"@type\":\"ListItem\",\"position\":2,\"name\":\"Configurateur\"}]},{\"@type\":\"WebSite\",\"@id\":\"https:\\\/\\\/paulandernst.com\\\/fr\\\/#website\",\"url\":\"https:\\\/\\\/paulandernst.com\\\/fr\\\/\",\"name\":\"paulandernst.com\",\"description\":\"street food solutions\",\"publisher\":{\"@id\":\"https:\\\/\\\/paulandernst.com\\\/fr\\\/#organization\"},\"potentialAction\":[{\"@type\":\"SearchAction\",\"target\":{\"@type\":\"EntryPoint\",\"urlTemplate\":\"https:\\\/\\\/paulandernst.com\\\/fr\\\/?s={search_term_string}\"},\"query-input\":{\"@type\":\"PropertyValueSpecification\",\"valueRequired\":true,\"valueName\":\"search_term_string\"}}],\"inLanguage\":\"fr-FR\"},{\"@type\":\"Organization\",\"@id\":\"https:\\\/\\\/paulandernst.com\\\/fr\\\/#organization\",\"name\":\"paul&ernst GmbH\",\"url\":\"https:\\\/\\\/paulandernst.com\\\/fr\\\/\",\"logo\":{\"@type\":\"ImageObject\",\"inLanguage\":\"fr-FR\",\"@id\":\"https:\\\/\\\/paulandernst.com\\\/fr\\\/#\\\/schema\\\/logo\\\/image\\\/\",\"url\":\"https:\\\/\\\/paulandernst.com\\\/wp-content\\\/uploads\\\/2024\\\/03\\\/paul-und-ernst-logo-black.webp\",\"contentUrl\":\"https:\\\/\\\/paulandernst.com\\\/wp-content\\\/uploads\\\/2024\\\/03\\\/paul-und-ernst-logo-black.webp\",\"width\":700,\"height\":312,\"caption\":\"paul&ernst GmbH\"},\"image\":{\"@id\":\"https:\\\/\\\/paulandernst.com\\\/fr\\\/#\\\/schema\\\/logo\\\/image\\\/\"},\"sameAs\":[\"https:\\\/\\\/www.facebook.com\\\/paulundernst\",\"https:\\\/\\\/www.instagram.com\\\/paulundernst\\\/\",\"https:\\\/\\\/www.linkedin.com\\\/company\\\/51626836\\\/\",\"https:\\\/\\\/at.pinterest.com\\\/paulundernst\",\"https:\\\/\\\/www.youtube.com\\\/@paulandernst\"]}]}<\/script>\n<!-- \/ Yoast SEO plugin. -->","yoast_head_json":{"title":"Configurateur - paul&ernst","description":"Con\u00e7ois et configure ton v\u00e9lo comme tu le souhaites - du choix des couleurs \u00e0 celui des appareils de cuisson. Tout est possible !","robots":{"index":"index","follow":"follow","max-snippet":"max-snippet:-1","max-image-preview":"max-image-preview:large","max-video-preview":"max-video-preview:-1"},"canonical":"https:\/\/paulandernst.com\/fr\/configurateur\/","og_locale":"fr_FR","og_type":"article","og_title":"Configurateur - paul&ernst","og_description":"Con\u00e7ois et configure ton v\u00e9lo comme tu le souhaites - du choix des couleurs \u00e0 celui des appareils de cuisson. Tout est possible !","og_url":"https:\/\/paulandernst.com\/fr\/configurateur\/","og_site_name":"paulandernst.com","article_publisher":"https:\/\/www.facebook.com\/paulundernst","article_modified_time":"2025-03-25T10:30:46+00:00","og_image":[{"width":1386,"height":736,"url":"https:\/\/paulandernst.com\/wp-content\/uploads\/2024\/05\/ipad-beverage-bike.webp","type":"image\/webp"}],"twitter_card":"summary_large_image","schema":{"@context":"https:\/\/schema.org","@graph":[{"@type":"WebPage","@id":"https:\/\/paulandernst.com\/fr\/configurateur\/","url":"https:\/\/paulandernst.com\/fr\/configurateur\/","name":"Configurateur - paul&ernst","isPartOf":{"@id":"https:\/\/paulandernst.com\/fr\/#website"},"primaryImageOfPage":{"@id":"https:\/\/paulandernst.com\/fr\/configurateur\/#primaryimage"},"image":{"@id":"https:\/\/paulandernst.com\/fr\/configurateur\/#primaryimage"},"thumbnailUrl":"https:\/\/paulandernst.com\/wp-content\/uploads\/2024\/05\/ipad-beverage-bike.webp","datePublished":"2024-06-24T11:22:43+00:00","dateModified":"2025-03-25T10:30:46+00:00","description":"Con\u00e7ois et configure ton v\u00e9lo comme tu le souhaites - du choix des couleurs \u00e0 celui des appareils de cuisson. Tout est possible !","breadcrumb":{"@id":"https:\/\/paulandernst.com\/fr\/configurateur\/#breadcrumb"},"inLanguage":"fr-FR","potentialAction":[{"@type":"ReadAction","target":["https:\/\/paulandernst.com\/fr\/configurateur\/"]}]},{"@type":"ImageObject","inLanguage":"fr-FR","@id":"https:\/\/paulandernst.com\/fr\/configurateur\/#primaryimage","url":"https:\/\/paulandernst.com\/wp-content\/uploads\/2024\/05\/ipad-beverage-bike.webp","contentUrl":"https:\/\/paulandernst.com\/wp-content\/uploads\/2024\/05\/ipad-beverage-bike.webp","width":1386,"height":736},{"@type":"BreadcrumbList","@id":"https:\/\/paulandernst.com\/fr\/configurateur\/#breadcrumb","itemListElement":[{"@type":"ListItem","position":1,"name":"Startseite","item":"https:\/\/paulandernst.com\/fr\/street-food-solutions\/"},{"@type":"ListItem","position":2,"name":"Configurateur"}]},{"@type":"WebSite","@id":"https:\/\/paulandernst.com\/fr\/#website","url":"https:\/\/paulandernst.com\/fr\/","name":"paulandernst.com","description":"street food solutions","publisher":{"@id":"https:\/\/paulandernst.com\/fr\/#organization"},"potentialAction":[{"@type":"SearchAction","target":{"@type":"EntryPoint","urlTemplate":"https:\/\/paulandernst.com\/fr\/?s={search_term_string}"},"query-input":{"@type":"PropertyValueSpecification","valueRequired":true,"valueName":"search_term_string"}}],"inLanguage":"fr-FR"},{"@type":"Organization","@id":"https:\/\/paulandernst.com\/fr\/#organization","name":"paul&ernst GmbH","url":"https:\/\/paulandernst.com\/fr\/","logo":{"@type":"ImageObject","inLanguage":"fr-FR","@id":"https:\/\/paulandernst.com\/fr\/#\/schema\/logo\/image\/","url":"https:\/\/paulandernst.com\/wp-content\/uploads\/2024\/03\/paul-und-ernst-logo-black.webp","contentUrl":"https:\/\/paulandernst.com\/wp-content\/uploads\/2024\/03\/paul-und-ernst-logo-black.webp","width":700,"height":312,"caption":"paul&ernst GmbH"},"image":{"@id":"https:\/\/paulandernst.com\/fr\/#\/schema\/logo\/image\/"},"sameAs":["https:\/\/www.facebook.com\/paulundernst","https:\/\/www.instagram.com\/paulundernst\/","https:\/\/www.linkedin.com\/company\/51626836\/","https:\/\/at.pinterest.com\/paulundernst","https:\/\/www.youtube.com\/@paulandernst"]}]}},"_links":{"self":[{"href":"https:\/\/paulandernst.com\/fr\/wp-json\/wp\/v2\/pages\/13709","targetHints":{"allow":["GET"]}}],"collection":[{"href":"https:\/\/paulandernst.com\/fr\/wp-json\/wp\/v2\/pages"}],"about":[{"href":"https:\/\/paulandernst.com\/fr\/wp-json\/wp\/v2\/types\/page"}],"author":[{"embeddable":true,"href":"https:\/\/paulandernst.com\/fr\/wp-json\/wp\/v2\/users\/2"}],"replies":[{"embeddable":true,"href":"https:\/\/paulandernst.com\/fr\/wp-json\/wp\/v2\/comments?post=13709"}],"version-history":[{"count":4,"href":"https:\/\/paulandernst.com\/fr\/wp-json\/wp\/v2\/pages\/13709\/revisions"}],"predecessor-version":[{"id":19313,"href":"https:\/\/paulandernst.com\/fr\/wp-json\/wp\/v2\/pages\/13709\/revisions\/19313"}],"wp:featuredmedia":[{"embeddable":true,"href":"https:\/\/paulandernst.com\/fr\/wp-json\/wp\/v2\/media\/6203"}],"wp:attachment":[{"href":"https:\/\/paulandernst.com\/fr\/wp-json\/wp\/v2\/media?parent=13709"}],"curies":[{"name":"wp","href":"https:\/\/api.w.org\/{rel}","templated":true}]}}