{"id":19812,"date":"2025-07-11T12:26:29","date_gmt":"2025-07-11T10:26:29","guid":{"rendered":"https:\/\/paulandernst.com\/?page_id=19812"},"modified":"2025-07-24T12:29:14","modified_gmt":"2025-07-24T10:29:14","slug":"get-in-touch","status":"publish","type":"page","link":"https:\/\/paulandernst.com\/en\/get-in-touch\/","title":{"rendered":"new contact page 2025"},"content":{"rendered":"\t\t<div data-elementor-type=\"wp-page\" data-elementor-id=\"19812\" class=\"elementor elementor-19812 elementor-19811\" data-elementor-post-type=\"page\">\n\t\t\t\t<div class=\"elementor-element elementor-element-f1911e9 e-flex e-con-boxed e-con e-parent\" data-id=\"f1911e9\" data-element_type=\"container\" data-e-type=\"container\">\n\t\t\t\t\t<div class=\"e-con-inner\">\n\t\t<div class=\"elementor-element elementor-element-1157fba pue_header e-con-full e-flex e-con e-child\" data-id=\"1157fba\" data-element_type=\"container\" data-e-type=\"container\">\n\t\t\t\t<div class=\"elementor-element elementor-element-166ac85 elementor-widget elementor-widget-heading\" data-id=\"166ac85\" data-element_type=\"widget\" data-e-type=\"widget\" data-widget_type=\"heading.default\">\n\t\t\t\t<div class=\"elementor-widget-container\">\n\t\t\t\t\t<h3 class=\"elementor-heading-title elementor-size-default\">How would you like to proceed?<\/h3>\t\t\t\t<\/div>\n\t\t\t\t<\/div>\n\t\t\t\t<\/div>\n\t\t<div class=\"elementor-element elementor-element-0e77e22 pue_buttons e-con-full e-flex e-con e-child\" data-id=\"0e77e22\" data-element_type=\"container\" data-e-type=\"container\" data-settings=\"{&quot;background_background&quot;:&quot;classic&quot;}\">\n\t\t<a class=\"elementor-element elementor-element-537608a e-con-full e-flex e-con e-child\" data-id=\"537608a\" data-element_type=\"container\" data-e-type=\"container\" data-settings=\"{&quot;background_background&quot;:&quot;classic&quot;}\" href=\"#elementor-action%3Aaction%3Dpopup%3Aopen%26settings%3DeyJpZCI6MTQwNjksInRvZ2dsZSI6ZmFsc2V9\">\n\t\t<div class=\"elementor-element elementor-element-21e2337 e-con-full e-flex e-con e-child\" data-id=\"21e2337\" data-element_type=\"container\" data-e-type=\"container\">\n\t\t\t\t<div class=\"elementor-element elementor-element-23c353e elementor-view-default elementor-widget elementor-widget-icon\" data-id=\"23c353e\" data-element_type=\"widget\" data-e-type=\"widget\" data-widget_type=\"icon.default\">\n\t\t\t\t<div class=\"elementor-widget-container\">\n\t\t\t\t\t\t\t<div class=\"elementor-icon-wrapper\">\n\t\t\t<div class=\"elementor-icon\">\n\t\t\t<svg aria-hidden=\"true\" class=\"e-font-icon-svg e-fas-video\" viewBox=\"0 0 576 512\" xmlns=\"http:\/\/www.w3.org\/2000\/svg\"><path d=\"M336.2 64H47.8C21.4 64 0 85.4 0 111.8v288.4C0 426.6 21.4 448 47.8 448h288.4c26.4 0 47.8-21.4 47.8-47.8V111.8c0-26.4-21.4-47.8-47.8-47.8zm189.4 37.7L416 177.3v157.4l109.6 75.5c21.2 14.6 50.4-.3 50.4-25.8V127.5c0-25.4-29.1-40.4-50.4-25.8z\"><\/path><\/svg>\t\t\t<\/div>\n\t\t<\/div>\n\t\t\t\t\t\t<\/div>\n\t\t\t\t<\/div>\n\t\t\t\t<div class=\"elementor-element elementor-element-a97b48e text elementor-widget elementor-widget-text-editor\" data-id=\"a97b48e\" data-element_type=\"widget\" data-e-type=\"widget\" data-widget_type=\"text-editor.default\">\n\t\t\t\t<div class=\"elementor-widget-container\">\n\t\t\t\t\t\t\t\t\t<p>ARRANGE AN ONLINE VIDEO CALL<\/p>\t\t\t\t\t\t\t\t<\/div>\n\t\t\t\t<\/div>\n\t\t\t\t<div class=\"elementor-element elementor-element-79e3d42 text elementor-widget elementor-widget-text-editor\" data-id=\"79e3d42\" data-element_type=\"widget\" data-e-type=\"widget\" data-widget_type=\"text-editor.default\">\n\t\t\t\t<div class=\"elementor-widget-container\">\n\t\t\t\t\t\t\t\t\t<p>(Recommended)<\/p>\t\t\t\t\t\t\t\t<\/div>\n\t\t\t\t<\/div>\n\t\t\t\t<\/div>\n\t\t\t\t<\/a>\n\t\t<a class=\"elementor-element elementor-element-e27a525 e-con-full e-flex e-con e-child\" data-id=\"e27a525\" data-element_type=\"container\" data-e-type=\"container\" data-settings=\"{&quot;background_background&quot;:&quot;classic&quot;}\" href=\"#elementor-action%3Aaction%3Dpopup%3Aopen%26settings%3DeyJpZCI6OTU3NCwidG9nZ2xlIjpmYWxzZX0%3D\">\n\t\t<div class=\"elementor-element elementor-element-e8e2267 e-con-full e-flex e-con e-child\" data-id=\"e8e2267\" data-element_type=\"container\" data-e-type=\"container\">\n\t\t\t\t<div class=\"elementor-element elementor-element-925b1e0 elementor-view-default elementor-widget elementor-widget-icon\" data-id=\"925b1e0\" data-element_type=\"widget\" data-e-type=\"widget\" data-widget_type=\"icon.default\">\n\t\t\t\t<div class=\"elementor-widget-container\">\n\t\t\t\t\t\t\t<div class=\"elementor-icon-wrapper\">\n\t\t\t<div class=\"elementor-icon\">\n\t\t\t<svg aria-hidden=\"true\" class=\"e-font-icon-svg e-fas-envelope\" viewBox=\"0 0 512 512\" xmlns=\"http:\/\/www.w3.org\/2000\/svg\"><path d=\"M502.3 190.8c3.9-3.1 9.7-.2 9.7 4.7V400c0 26.5-21.5 48-48 48H48c-26.5 0-48-21.5-48-48V195.6c0-5 5.7-7.8 9.7-4.7 22.4 17.4 52.1 39.5 154.1 113.6 21.1 15.4 56.7 47.8 92.2 47.6 35.7.3 72-32.8 92.3-47.6 102-74.1 131.6-96.3 154-113.7zM256 320c23.2.4 56.6-29.2 73.4-41.4 132.7-96.3 142.8-104.7 173.4-128.7 5.8-4.5 9.2-11.5 9.2-18.9v-19c0-26.5-21.5-48-48-48H48C21.5 64 0 85.5 0 112v19c0 7.4 3.4 14.3 9.2 18.9 30.6 23.9 40.7 32.4 173.4 128.7 16.8 12.2 50.2 41.8 73.4 41.4z\"><\/path><\/svg>\t\t\t<\/div>\n\t\t<\/div>\n\t\t\t\t\t\t<\/div>\n\t\t\t\t<\/div>\n\t\t\t\t<div class=\"elementor-element elementor-element-ff2b955 text elementor-widget elementor-widget-text-editor\" data-id=\"ff2b955\" data-element_type=\"widget\" data-e-type=\"widget\" data-widget_type=\"text-editor.default\">\n\t\t\t\t<div class=\"elementor-widget-container\">\n\t\t\t\t\t\t\t\t\t<p>DOCUMENTS AND INFORMATION BY E-MAIL<\/p>\t\t\t\t\t\t\t\t<\/div>\n\t\t\t\t<\/div>\n\t\t\t\t<\/div>\n\t\t\t\t<\/a>\n\t\t\t\t<\/div>\n\t\t<div class=\"elementor-element elementor-element-42e5603 pue_footer e-con-full e-flex e-con e-child\" data-id=\"42e5603\" data-element_type=\"container\" data-e-type=\"container\" data-settings=\"{&quot;background_background&quot;:&quot;classic&quot;}\">\n\t\t<div class=\"elementor-element elementor-element-8b5a8ca e-con-full e-flex e-con e-child\" data-id=\"8b5a8ca\" data-element_type=\"container\" data-e-type=\"container\" data-settings=\"{&quot;background_background&quot;:&quot;classic&quot;}\">\n\t\t\t\t<div class=\"elementor-element elementor-element-58a9a72 elementor-widget__width-initial elementor-widget-mobile__width-initial elementor-widget elementor-widget-text-editor\" data-id=\"58a9a72\" data-element_type=\"widget\" data-e-type=\"widget\" data-widget_type=\"text-editor.default\">\n\t\t\t\t<div class=\"elementor-widget-container\">\n\t\t\t\t\t\t\t\t\t<p>Office hours: Mon &#8211; Thu 9:00 am &#8211; 5:00 pm Fri 9:00 am &#8211; 2:00 pm<\/p>\t\t\t\t\t\t\t\t<\/div>\n\t\t\t\t<\/div>\n\t\t\t\t<div class=\"elementor-element elementor-element-9a01fc9 elementor-widget__width-initial elementor-widget-mobile__width-initial elementor-widget elementor-widget-text-editor\" data-id=\"9a01fc9\" data-element_type=\"widget\" data-e-type=\"widget\" data-widget_type=\"text-editor.default\">\n\t\t\t\t<div class=\"elementor-widget-container\">\n\t\t\t\t\t\t\t\t\t<p><a href=\"tel:+43136166100\">Phone: +43 (0)1 36166100<\/a><\/p>\t\t\t\t\t\t\t\t<\/div>\n\t\t\t\t<\/div>\n\t\t\t\t<\/div>\n\t\t\t\t<\/div>\n\t\t\t\t\t<\/div>\n\t\t\t\t<\/div>\n\t\t\t\t<\/div>\n\t\t","protected":false},"excerpt":{"rendered":"<p>How would you like to proceed? ARRANGE AN ONLINE VIDEO CALL (Recommended) DOCUMENTS AND INFORMATION BY E-MAIL Office hours: Mon &#8211; Thu 9:00 am &#8211; 5:00 pm Fri 9:00 am &#8211; 2:00 pm Phone: +43 (0)1 36166100<\/p>\n","protected":false},"author":2,"featured_media":10924,"parent":0,"menu_order":0,"comment_status":"closed","ping_status":"closed","template":"elementor_header_footer","meta":{"footnotes":""},"class_list":["post-19812","page","type-page","status-publish","has-post-thumbnail","hentry"],"yoast_head":"<!-- This site is optimized with the Yoast SEO plugin v27.5 - https:\/\/yoast.com\/product\/yoast-seo-wordpress\/ -->\n<title>Contact paul&amp;ernst<\/title>\n<meta name=\"robots\" content=\"index, follow, max-snippet:-1, max-image-preview:large, max-video-preview:-1\" \/>\n<link rel=\"canonical\" href=\"https:\/\/paulandernst.com\/en\/get-in-touch\/\" \/>\n<meta property=\"og:locale\" content=\"en_US\" \/>\n<meta property=\"og:type\" content=\"article\" \/>\n<meta property=\"og:title\" content=\"Contact paul&amp;ernst\" \/>\n<meta property=\"og:description\" content=\"How would you like to proceed? ARRANGE AN ONLINE VIDEO CALL (Recommended) DOCUMENTS AND INFORMATION BY E-MAIL Office hours: Mon &#8211; Thu 9:00 am &#8211; 5:00 pm Fri 9:00 am &#8211; 2:00 pm Phone: +43 (0)1 36166100\" \/>\n<meta property=\"og:url\" content=\"https:\/\/paulandernst.com\/en\/get-in-touch\/\" \/>\n<meta property=\"og:site_name\" content=\"paulandernst.com\" \/>\n<meta property=\"article:publisher\" content=\"https:\/\/www.facebook.com\/paulundernst\" \/>\n<meta property=\"article:modified_time\" content=\"2025-07-24T10:29:14+00:00\" \/>\n<meta property=\"og:image\" content=\"https:\/\/paulandernst.com\/wp-content\/uploads\/2024\/07\/STREET-FOOD-BIKE-paul-und-ernst-TITEL-1024x640.webp\" \/>\n<meta name=\"twitter:card\" content=\"summary_large_image\" \/>\n<script type=\"application\/ld+json\" class=\"yoast-schema-graph\">{\"@context\":\"https:\\\/\\\/schema.org\",\"@graph\":[{\"@type\":\"WebPage\",\"@id\":\"https:\\\/\\\/paulandernst.com\\\/en\\\/get-in-touch\\\/\",\"url\":\"https:\\\/\\\/paulandernst.com\\\/en\\\/get-in-touch\\\/\",\"name\":\"Contact paul&ernst\",\"isPartOf\":{\"@id\":\"https:\\\/\\\/paulandernst.com\\\/en\\\/#website\"},\"primaryImageOfPage\":{\"@id\":\"https:\\\/\\\/paulandernst.com\\\/en\\\/get-in-touch\\\/#primaryimage\"},\"image\":{\"@id\":\"https:\\\/\\\/paulandernst.com\\\/en\\\/get-in-touch\\\/#primaryimage\"},\"thumbnailUrl\":\"https:\\\/\\\/paulandernst.com\\\/wp-content\\\/uploads\\\/2024\\\/07\\\/STREET-FOOD-BIKE-paul-und-ernst-TITEL.webp\",\"datePublished\":\"2025-07-11T10:26:29+00:00\",\"dateModified\":\"2025-07-24T10:29:14+00:00\",\"breadcrumb\":{\"@id\":\"https:\\\/\\\/paulandernst.com\\\/en\\\/get-in-touch\\\/#breadcrumb\"},\"inLanguage\":\"en-US\",\"potentialAction\":[{\"@type\":\"ReadAction\",\"target\":[\"https:\\\/\\\/paulandernst.com\\\/en\\\/get-in-touch\\\/\"]}]},{\"@type\":\"ImageObject\",\"inLanguage\":\"en-US\",\"@id\":\"https:\\\/\\\/paulandernst.com\\\/en\\\/get-in-touch\\\/#primaryimage\",\"url\":\"https:\\\/\\\/paulandernst.com\\\/wp-content\\\/uploads\\\/2024\\\/07\\\/STREET-FOOD-BIKE-paul-und-ernst-TITEL.webp\",\"contentUrl\":\"https:\\\/\\\/paulandernst.com\\\/wp-content\\\/uploads\\\/2024\\\/07\\\/STREET-FOOD-BIKE-paul-und-ernst-TITEL.webp\",\"width\":1900,\"height\":1188,\"caption\":\"eine palette von street food bikes von paul und ernst. wahlweise f\u00fcr eis creme, als mobile k\u00fcche, als mobile cocktailbar, als mobile bier bar mit zapfanlage oder ganz einfach nur mit stauraum f\u00fcr marketing eins\u00e4tze.\"},{\"@type\":\"BreadcrumbList\",\"@id\":\"https:\\\/\\\/paulandernst.com\\\/en\\\/get-in-touch\\\/#breadcrumb\",\"itemListElement\":[{\"@type\":\"ListItem\",\"position\":1,\"name\":\"Startseite\",\"item\":\"https:\\\/\\\/paulandernst.com\\\/en\\\/street-food-solutions\\\/\"},{\"@type\":\"ListItem\",\"position\":2,\"name\":\"new contact page 2025\"}]},{\"@type\":\"WebSite\",\"@id\":\"https:\\\/\\\/paulandernst.com\\\/en\\\/#website\",\"url\":\"https:\\\/\\\/paulandernst.com\\\/en\\\/\",\"name\":\"paulandernst.com\",\"description\":\"street food solutions\",\"publisher\":{\"@id\":\"https:\\\/\\\/paulandernst.com\\\/en\\\/#organization\"},\"potentialAction\":[{\"@type\":\"SearchAction\",\"target\":{\"@type\":\"EntryPoint\",\"urlTemplate\":\"https:\\\/\\\/paulandernst.com\\\/en\\\/?s={search_term_string}\"},\"query-input\":{\"@type\":\"PropertyValueSpecification\",\"valueRequired\":true,\"valueName\":\"search_term_string\"}}],\"inLanguage\":\"en-US\"},{\"@type\":\"Organization\",\"@id\":\"https:\\\/\\\/paulandernst.com\\\/en\\\/#organization\",\"name\":\"paul&ernst GmbH\",\"url\":\"https:\\\/\\\/paulandernst.com\\\/en\\\/\",\"logo\":{\"@type\":\"ImageObject\",\"inLanguage\":\"en-US\",\"@id\":\"https:\\\/\\\/paulandernst.com\\\/en\\\/#\\\/schema\\\/logo\\\/image\\\/\",\"url\":\"https:\\\/\\\/paulandernst.com\\\/wp-content\\\/uploads\\\/2024\\\/03\\\/paul-und-ernst-logo-black.webp\",\"contentUrl\":\"https:\\\/\\\/paulandernst.com\\\/wp-content\\\/uploads\\\/2024\\\/03\\\/paul-und-ernst-logo-black.webp\",\"width\":700,\"height\":312,\"caption\":\"paul&ernst GmbH\"},\"image\":{\"@id\":\"https:\\\/\\\/paulandernst.com\\\/en\\\/#\\\/schema\\\/logo\\\/image\\\/\"},\"sameAs\":[\"https:\\\/\\\/www.facebook.com\\\/paulundernst\",\"https:\\\/\\\/www.instagram.com\\\/paulundernst\\\/\",\"https:\\\/\\\/www.linkedin.com\\\/company\\\/51626836\\\/\",\"https:\\\/\\\/at.pinterest.com\\\/paulundernst\",\"https:\\\/\\\/www.youtube.com\\\/@paulandernst\"]}]}<\/script>\n<!-- \/ Yoast SEO plugin. -->","yoast_head_json":{"title":"Contact paul&ernst","robots":{"index":"index","follow":"follow","max-snippet":"max-snippet:-1","max-image-preview":"max-image-preview:large","max-video-preview":"max-video-preview:-1"},"canonical":"https:\/\/paulandernst.com\/en\/get-in-touch\/","og_locale":"en_US","og_type":"article","og_title":"Contact paul&ernst","og_description":"How would you like to proceed? ARRANGE AN ONLINE VIDEO CALL (Recommended) DOCUMENTS AND INFORMATION BY E-MAIL Office hours: Mon &#8211; Thu 9:00 am &#8211; 5:00 pm Fri 9:00 am &#8211; 2:00 pm Phone: +43 (0)1 36166100","og_url":"https:\/\/paulandernst.com\/en\/get-in-touch\/","og_site_name":"paulandernst.com","article_publisher":"https:\/\/www.facebook.com\/paulundernst","article_modified_time":"2025-07-24T10:29:14+00:00","og_image":[{"url":"https:\/\/paulandernst.com\/wp-content\/uploads\/2024\/07\/STREET-FOOD-BIKE-paul-und-ernst-TITEL-1024x640.webp","type":"","width":"","height":""}],"twitter_card":"summary_large_image","schema":{"@context":"https:\/\/schema.org","@graph":[{"@type":"WebPage","@id":"https:\/\/paulandernst.com\/en\/get-in-touch\/","url":"https:\/\/paulandernst.com\/en\/get-in-touch\/","name":"Contact paul&ernst","isPartOf":{"@id":"https:\/\/paulandernst.com\/en\/#website"},"primaryImageOfPage":{"@id":"https:\/\/paulandernst.com\/en\/get-in-touch\/#primaryimage"},"image":{"@id":"https:\/\/paulandernst.com\/en\/get-in-touch\/#primaryimage"},"thumbnailUrl":"https:\/\/paulandernst.com\/wp-content\/uploads\/2024\/07\/STREET-FOOD-BIKE-paul-und-ernst-TITEL.webp","datePublished":"2025-07-11T10:26:29+00:00","dateModified":"2025-07-24T10:29:14+00:00","breadcrumb":{"@id":"https:\/\/paulandernst.com\/en\/get-in-touch\/#breadcrumb"},"inLanguage":"en-US","potentialAction":[{"@type":"ReadAction","target":["https:\/\/paulandernst.com\/en\/get-in-touch\/"]}]},{"@type":"ImageObject","inLanguage":"en-US","@id":"https:\/\/paulandernst.com\/en\/get-in-touch\/#primaryimage","url":"https:\/\/paulandernst.com\/wp-content\/uploads\/2024\/07\/STREET-FOOD-BIKE-paul-und-ernst-TITEL.webp","contentUrl":"https:\/\/paulandernst.com\/wp-content\/uploads\/2024\/07\/STREET-FOOD-BIKE-paul-und-ernst-TITEL.webp","width":1900,"height":1188,"caption":"eine palette von street food bikes von paul und ernst. wahlweise f\u00fcr eis creme, als mobile k\u00fcche, als mobile cocktailbar, als mobile bier bar mit zapfanlage oder ganz einfach nur mit stauraum f\u00fcr marketing eins\u00e4tze."},{"@type":"BreadcrumbList","@id":"https:\/\/paulandernst.com\/en\/get-in-touch\/#breadcrumb","itemListElement":[{"@type":"ListItem","position":1,"name":"Startseite","item":"https:\/\/paulandernst.com\/en\/street-food-solutions\/"},{"@type":"ListItem","position":2,"name":"new contact page 2025"}]},{"@type":"WebSite","@id":"https:\/\/paulandernst.com\/en\/#website","url":"https:\/\/paulandernst.com\/en\/","name":"paulandernst.com","description":"street food solutions","publisher":{"@id":"https:\/\/paulandernst.com\/en\/#organization"},"potentialAction":[{"@type":"SearchAction","target":{"@type":"EntryPoint","urlTemplate":"https:\/\/paulandernst.com\/en\/?s={search_term_string}"},"query-input":{"@type":"PropertyValueSpecification","valueRequired":true,"valueName":"search_term_string"}}],"inLanguage":"en-US"},{"@type":"Organization","@id":"https:\/\/paulandernst.com\/en\/#organization","name":"paul&ernst GmbH","url":"https:\/\/paulandernst.com\/en\/","logo":{"@type":"ImageObject","inLanguage":"en-US","@id":"https:\/\/paulandernst.com\/en\/#\/schema\/logo\/image\/","url":"https:\/\/paulandernst.com\/wp-content\/uploads\/2024\/03\/paul-und-ernst-logo-black.webp","contentUrl":"https:\/\/paulandernst.com\/wp-content\/uploads\/2024\/03\/paul-und-ernst-logo-black.webp","width":700,"height":312,"caption":"paul&ernst GmbH"},"image":{"@id":"https:\/\/paulandernst.com\/en\/#\/schema\/logo\/image\/"},"sameAs":["https:\/\/www.facebook.com\/paulundernst","https:\/\/www.instagram.com\/paulundernst\/","https:\/\/www.linkedin.com\/company\/51626836\/","https:\/\/at.pinterest.com\/paulundernst","https:\/\/www.youtube.com\/@paulandernst"]}]}},"_links":{"self":[{"href":"https:\/\/paulandernst.com\/en\/wp-json\/wp\/v2\/pages\/19812","targetHints":{"allow":["GET"]}}],"collection":[{"href":"https:\/\/paulandernst.com\/en\/wp-json\/wp\/v2\/pages"}],"about":[{"href":"https:\/\/paulandernst.com\/en\/wp-json\/wp\/v2\/types\/page"}],"author":[{"embeddable":true,"href":"https:\/\/paulandernst.com\/en\/wp-json\/wp\/v2\/users\/2"}],"replies":[{"embeddable":true,"href":"https:\/\/paulandernst.com\/en\/wp-json\/wp\/v2\/comments?post=19812"}],"version-history":[{"count":7,"href":"https:\/\/paulandernst.com\/en\/wp-json\/wp\/v2\/pages\/19812\/revisions"}],"predecessor-version":[{"id":19848,"href":"https:\/\/paulandernst.com\/en\/wp-json\/wp\/v2\/pages\/19812\/revisions\/19848"}],"wp:featuredmedia":[{"embeddable":true,"href":"https:\/\/paulandernst.com\/en\/wp-json\/wp\/v2\/media\/10924"}],"wp:attachment":[{"href":"https:\/\/paulandernst.com\/en\/wp-json\/wp\/v2\/media?parent=19812"}],"curies":[{"name":"wp","href":"https:\/\/api.w.org\/{rel}","templated":true}]}}