{"id":19459,"date":"2025-04-02T12:26:57","date_gmt":"2025-04-02T10:26:57","guid":{"rendered":"https:\/\/paulandernst.com\/?page_id=19459"},"modified":"2025-04-02T12:49:15","modified_gmt":"2025-04-02T10:49:15","slug":"anfrage","status":"publish","type":"page","link":"https:\/\/paulandernst.com\/en\/anfrage\/","title":{"rendered":"Contact retargeting"},"content":{"rendered":"\t\t<div data-elementor-type=\"wp-page\" data-elementor-id=\"19459\" class=\"elementor elementor-19459 elementor-19458\" data-elementor-post-type=\"page\">\n\t\t\t\t<div class=\"elementor-element elementor-element-14db863 e-flex e-con-boxed e-con e-parent\" data-id=\"14db863\" data-element_type=\"container\" data-e-type=\"container\" data-settings=\"{&quot;background_background&quot;:&quot;classic&quot;}\">\n\t\t\t\t\t<div class=\"e-con-inner\">\n\t\t<div class=\"elementor-element elementor-element-2bc0b68 e-con-full e-flex elementor-invisible e-con e-child\" data-id=\"2bc0b68\" data-element_type=\"container\" data-e-type=\"container\" data-settings=\"{&quot;animation&quot;:&quot;fadeInUp&quot;}\">\n\t\t\t\t<div class=\"elementor-element elementor-element-980ca81 elementor-widget elementor-widget-heading\" data-id=\"980ca81\" data-element_type=\"widget\" data-e-type=\"widget\" data-widget_type=\"heading.default\">\n\t\t\t\t<div class=\"elementor-widget-container\">\n\t\t\t\t\t<h1 class=\"elementor-heading-title elementor-size-default\">Request now<\/h1>\t\t\t\t<\/div>\n\t\t\t\t<\/div>\n\t\t\t\t<div class=\"elementor-element elementor-element-15b3e71 elementor-widget elementor-widget-heading\" data-id=\"15b3e71\" data-element_type=\"widget\" data-e-type=\"widget\" data-widget_type=\"heading.default\">\n\t\t\t\t<div class=\"elementor-widget-container\">\n\t\t\t\t\t<h1 class=\"elementor-heading-title elementor-size-default\">Your dream bike from 399,- \u20ac \/ month<\/h1>\t\t\t\t<\/div>\n\t\t\t\t<\/div>\n\t\t\t\t<div class=\"elementor-element elementor-element-54cec3c elementor-widget elementor-widget-text-editor\" data-id=\"54cec3c\" data-element_type=\"widget\" data-e-type=\"widget\" data-widget_type=\"text-editor.default\">\n\t\t\t\t<div class=\"elementor-widget-container\">\n\t\t\t\t\t\t\t\t\t<p class=\"\" data-start=\"0\" data-end=\"119\">\u2705 Inquiries. \u2705 Receive a quote. \u2705 Get started.  <\/p>\n\t\t\t\t\t\t\t\t<\/div>\n\t\t\t\t<\/div>\n\t\t\t\t<div class=\"elementor-element elementor-element-dc49f05 elementor-align-justify elementor-widget elementor-widget-button\" data-id=\"dc49f05\" data-element_type=\"widget\" data-e-type=\"widget\" data-widget_type=\"button.default\">\n\t\t\t\t<div class=\"elementor-widget-container\">\n\t\t\t\t\t\t\t\t\t<div class=\"elementor-button-wrapper\">\n\t\t\t\t\t<a class=\"elementor-button elementor-button-link elementor-size-sm\" href=\"#elementor-action%3Aaction%3Dpopup%3Aopen%26settings%3DeyJpZCI6MTA0ODYsInRvZ2dsZSI6ZmFsc2V9\" id=\"Beratung\">\n\t\t\t\t\t\t<span class=\"elementor-button-content-wrapper\">\n\t\t\t\t\t\t\t\t\t<span class=\"elementor-button-text\">Enquire now without obligation<\/span>\n\t\t\t\t\t<\/span>\n\t\t\t\t\t<\/a>\n\t\t\t\t<\/div>\n\t\t\t\t\t\t\t\t<\/div>\n\t\t\t\t<\/div>\n\t\t\t\t<\/div>\n\t\t<div class=\"elementor-element elementor-element-783c3c0 e-con-full e-flex elementor-invisible e-con e-child\" data-id=\"783c3c0\" data-element_type=\"container\" data-e-type=\"container\" data-settings=\"{&quot;animation&quot;:&quot;fadeInUp&quot;,&quot;background_background&quot;:&quot;classic&quot;}\">\n\t\t\t\t<div class=\"elementor-element elementor-element-82be4db elementor-widget elementor-widget-image\" data-id=\"82be4db\" data-element_type=\"widget\" data-e-type=\"widget\" data-widget_type=\"image.default\">\n\t\t\t\t<div class=\"elementor-widget-container\">\n\t\t\t\t\t\t\t\t\t\t\t\t\t\t\t<img loading=\"lazy\" decoding=\"async\" loading=\"lazy\" width=\"800\" height=\"500\" src=\"https:\/\/paulandernst.com\/wp-content\/uploads\/2024\/07\/STREET-FOOD-BIKE-paul-und-ernst-TITEL-1024x640.webp\" class=\"attachment-large size-large wp-image-10924\" alt=\"eine palette von street food bikes von paul und ernst. wahlweise f\u00fcr eis creme, als mobile k\u00fcche, als mobile cocktailbar, als mobile bier bar mit zapfanlage oder ganz einfach nur mit stauraum f\u00fcr marketing eins\u00e4tze.\" srcset=\"https:\/\/paulandernst.com\/wp-content\/uploads\/2024\/07\/STREET-FOOD-BIKE-paul-und-ernst-TITEL-1024x640.webp 1024w, https:\/\/paulandernst.com\/wp-content\/uploads\/2024\/07\/STREET-FOOD-BIKE-paul-und-ernst-TITEL-300x188.webp 300w, https:\/\/paulandernst.com\/wp-content\/uploads\/2024\/07\/STREET-FOOD-BIKE-paul-und-ernst-TITEL-768x480.webp 768w, https:\/\/paulandernst.com\/wp-content\/uploads\/2024\/07\/STREET-FOOD-BIKE-paul-und-ernst-TITEL-1536x960.webp 1536w, https:\/\/paulandernst.com\/wp-content\/uploads\/2024\/07\/STREET-FOOD-BIKE-paul-und-ernst-TITEL.webp 1900w\" sizes=\"auto, (max-width: 800px) 100vw, 800px\" \/>\t\t\t\t\t\t\t\t\t\t\t\t\t\t\t<\/div>\n\t\t\t\t<\/div>\n\t\t\t\t<\/div>\n\t\t\t\t\t<\/div>\n\t\t\t\t<\/div>\n\t\t\t\t<\/div>\n\t\t","protected":false},"excerpt":{"rendered":"<p>Request now Your dream bike from 399,- \u20ac \/ month \u2705 Inquiries. \u2705 Receive a quote. \u2705 Get started. Enquire now without obligation<\/p>\n","protected":false},"author":2,"featured_media":10924,"parent":0,"menu_order":0,"comment_status":"closed","ping_status":"closed","template":"elementor_header_footer","meta":{"footnotes":""},"class_list":["post-19459","page","type-page","status-publish","has-post-thumbnail","hentry"],"yoast_head":"<!-- This site is optimized with the Yoast SEO plugin v27.5 - https:\/\/yoast.com\/product\/yoast-seo-wordpress\/ -->\n<title>paul&amp;ernst request<\/title>\n<meta name=\"description\" content=\"Get a non-binding offer now! Lease your Gastro-Bike or Pushcart now - from just \u20ac 399 per month!\" \/>\n<meta name=\"robots\" content=\"index, follow, max-snippet:-1, max-image-preview:large, max-video-preview:-1\" \/>\n<link rel=\"canonical\" href=\"https:\/\/paulandernst.com\/en\/anfrage\/\" \/>\n<meta property=\"og:locale\" content=\"en_US\" \/>\n<meta property=\"og:type\" content=\"article\" \/>\n<meta property=\"og:title\" content=\"Mobile Bar - paul&amp;ernst\" \/>\n<meta property=\"og:description\" content=\"Get a non-binding offer now! Lease your Gastro-Bike or Pushcart now - from just \u20ac 399 per month!\" \/>\n<meta property=\"og:url\" content=\"https:\/\/paulandernst.com\/en\/anfrage\/\" \/>\n<meta property=\"og:site_name\" content=\"paulandernst.com\" \/>\n<meta property=\"article:publisher\" content=\"https:\/\/www.facebook.com\/paulundernst\" \/>\n<meta property=\"article:modified_time\" content=\"2025-04-02T10:49:15+00:00\" \/>\n<meta property=\"og:image\" content=\"https:\/\/paulandernst.com\/wp-content\/uploads\/2025\/02\/aperol-bike-1024x644.webp\" \/>\n<meta name=\"twitter:card\" content=\"summary_large_image\" \/>\n<script type=\"application\/ld+json\" class=\"yoast-schema-graph\">{\"@context\":\"https:\\\/\\\/schema.org\",\"@graph\":[{\"@type\":\"WebPage\",\"@id\":\"https:\\\/\\\/paulandernst.com\\\/en\\\/anfrage\\\/\",\"url\":\"https:\\\/\\\/paulandernst.com\\\/en\\\/anfrage\\\/\",\"name\":\"paul&ernst request\",\"isPartOf\":{\"@id\":\"https:\\\/\\\/paulandernst.com\\\/en\\\/#website\"},\"primaryImageOfPage\":{\"@id\":\"https:\\\/\\\/paulandernst.com\\\/en\\\/anfrage\\\/#primaryimage\"},\"image\":{\"@id\":\"https:\\\/\\\/paulandernst.com\\\/en\\\/anfrage\\\/#primaryimage\"},\"thumbnailUrl\":\"https:\\\/\\\/paulandernst.com\\\/wp-content\\\/uploads\\\/2024\\\/07\\\/STREET-FOOD-BIKE-paul-und-ernst-TITEL.webp\",\"datePublished\":\"2025-04-02T10:26:57+00:00\",\"dateModified\":\"2025-04-02T10:49:15+00:00\",\"description\":\"Get a non-binding offer now! Lease your Gastro-Bike or Pushcart now - from just \u20ac 399 per month!\",\"breadcrumb\":{\"@id\":\"https:\\\/\\\/paulandernst.com\\\/en\\\/anfrage\\\/#breadcrumb\"},\"inLanguage\":\"en-US\",\"potentialAction\":[{\"@type\":\"ReadAction\",\"target\":[\"https:\\\/\\\/paulandernst.com\\\/en\\\/anfrage\\\/\"]}]},{\"@type\":\"ImageObject\",\"inLanguage\":\"en-US\",\"@id\":\"https:\\\/\\\/paulandernst.com\\\/en\\\/anfrage\\\/#primaryimage\",\"url\":\"https:\\\/\\\/paulandernst.com\\\/wp-content\\\/uploads\\\/2024\\\/07\\\/STREET-FOOD-BIKE-paul-und-ernst-TITEL.webp\",\"contentUrl\":\"https:\\\/\\\/paulandernst.com\\\/wp-content\\\/uploads\\\/2024\\\/07\\\/STREET-FOOD-BIKE-paul-und-ernst-TITEL.webp\",\"width\":1900,\"height\":1188,\"caption\":\"eine palette von street food bikes von paul und ernst. wahlweise f\u00fcr eis creme, als mobile k\u00fcche, als mobile cocktailbar, als mobile bier bar mit zapfanlage oder ganz einfach nur mit stauraum f\u00fcr marketing eins\u00e4tze.\"},{\"@type\":\"BreadcrumbList\",\"@id\":\"https:\\\/\\\/paulandernst.com\\\/en\\\/anfrage\\\/#breadcrumb\",\"itemListElement\":[{\"@type\":\"ListItem\",\"position\":1,\"name\":\"Startseite\",\"item\":\"https:\\\/\\\/paulandernst.com\\\/en\\\/street-food-solutions\\\/\"},{\"@type\":\"ListItem\",\"position\":2,\"name\":\"Contact retargeting\"}]},{\"@type\":\"WebSite\",\"@id\":\"https:\\\/\\\/paulandernst.com\\\/en\\\/#website\",\"url\":\"https:\\\/\\\/paulandernst.com\\\/en\\\/\",\"name\":\"paulandernst.com\",\"description\":\"street food solutions\",\"publisher\":{\"@id\":\"https:\\\/\\\/paulandernst.com\\\/en\\\/#organization\"},\"potentialAction\":[{\"@type\":\"SearchAction\",\"target\":{\"@type\":\"EntryPoint\",\"urlTemplate\":\"https:\\\/\\\/paulandernst.com\\\/en\\\/?s={search_term_string}\"},\"query-input\":{\"@type\":\"PropertyValueSpecification\",\"valueRequired\":true,\"valueName\":\"search_term_string\"}}],\"inLanguage\":\"en-US\"},{\"@type\":\"Organization\",\"@id\":\"https:\\\/\\\/paulandernst.com\\\/en\\\/#organization\",\"name\":\"paul&ernst GmbH\",\"url\":\"https:\\\/\\\/paulandernst.com\\\/en\\\/\",\"logo\":{\"@type\":\"ImageObject\",\"inLanguage\":\"en-US\",\"@id\":\"https:\\\/\\\/paulandernst.com\\\/en\\\/#\\\/schema\\\/logo\\\/image\\\/\",\"url\":\"https:\\\/\\\/paulandernst.com\\\/wp-content\\\/uploads\\\/2024\\\/03\\\/paul-und-ernst-logo-black.webp\",\"contentUrl\":\"https:\\\/\\\/paulandernst.com\\\/wp-content\\\/uploads\\\/2024\\\/03\\\/paul-und-ernst-logo-black.webp\",\"width\":700,\"height\":312,\"caption\":\"paul&ernst GmbH\"},\"image\":{\"@id\":\"https:\\\/\\\/paulandernst.com\\\/en\\\/#\\\/schema\\\/logo\\\/image\\\/\"},\"sameAs\":[\"https:\\\/\\\/www.facebook.com\\\/paulundernst\",\"https:\\\/\\\/www.instagram.com\\\/paulundernst\\\/\",\"https:\\\/\\\/www.linkedin.com\\\/company\\\/51626836\\\/\",\"https:\\\/\\\/at.pinterest.com\\\/paulundernst\",\"https:\\\/\\\/www.youtube.com\\\/@paulandernst\"]}]}<\/script>\n<!-- \/ Yoast SEO plugin. -->","yoast_head_json":{"title":"paul&ernst request","description":"Get a non-binding offer now! Lease your Gastro-Bike or Pushcart now - from just \u20ac 399 per month!","robots":{"index":"index","follow":"follow","max-snippet":"max-snippet:-1","max-image-preview":"max-image-preview:large","max-video-preview":"max-video-preview:-1"},"canonical":"https:\/\/paulandernst.com\/en\/anfrage\/","og_locale":"en_US","og_type":"article","og_title":"Mobile Bar - paul&ernst","og_description":"Get a non-binding offer now! Lease your Gastro-Bike or Pushcart now - from just \u20ac 399 per month!","og_url":"https:\/\/paulandernst.com\/en\/anfrage\/","og_site_name":"paulandernst.com","article_publisher":"https:\/\/www.facebook.com\/paulundernst","article_modified_time":"2025-04-02T10:49:15+00:00","og_image":[{"url":"https:\/\/paulandernst.com\/wp-content\/uploads\/2025\/02\/aperol-bike-1024x644.webp","type":"","width":"","height":""}],"twitter_card":"summary_large_image","schema":{"@context":"https:\/\/schema.org","@graph":[{"@type":"WebPage","@id":"https:\/\/paulandernst.com\/en\/anfrage\/","url":"https:\/\/paulandernst.com\/en\/anfrage\/","name":"paul&ernst request","isPartOf":{"@id":"https:\/\/paulandernst.com\/en\/#website"},"primaryImageOfPage":{"@id":"https:\/\/paulandernst.com\/en\/anfrage\/#primaryimage"},"image":{"@id":"https:\/\/paulandernst.com\/en\/anfrage\/#primaryimage"},"thumbnailUrl":"https:\/\/paulandernst.com\/wp-content\/uploads\/2024\/07\/STREET-FOOD-BIKE-paul-und-ernst-TITEL.webp","datePublished":"2025-04-02T10:26:57+00:00","dateModified":"2025-04-02T10:49:15+00:00","description":"Get a non-binding offer now! Lease your Gastro-Bike or Pushcart now - from just \u20ac 399 per month!","breadcrumb":{"@id":"https:\/\/paulandernst.com\/en\/anfrage\/#breadcrumb"},"inLanguage":"en-US","potentialAction":[{"@type":"ReadAction","target":["https:\/\/paulandernst.com\/en\/anfrage\/"]}]},{"@type":"ImageObject","inLanguage":"en-US","@id":"https:\/\/paulandernst.com\/en\/anfrage\/#primaryimage","url":"https:\/\/paulandernst.com\/wp-content\/uploads\/2024\/07\/STREET-FOOD-BIKE-paul-und-ernst-TITEL.webp","contentUrl":"https:\/\/paulandernst.com\/wp-content\/uploads\/2024\/07\/STREET-FOOD-BIKE-paul-und-ernst-TITEL.webp","width":1900,"height":1188,"caption":"eine palette von street food bikes von paul und ernst. wahlweise f\u00fcr eis creme, als mobile k\u00fcche, als mobile cocktailbar, als mobile bier bar mit zapfanlage oder ganz einfach nur mit stauraum f\u00fcr marketing eins\u00e4tze."},{"@type":"BreadcrumbList","@id":"https:\/\/paulandernst.com\/en\/anfrage\/#breadcrumb","itemListElement":[{"@type":"ListItem","position":1,"name":"Startseite","item":"https:\/\/paulandernst.com\/en\/street-food-solutions\/"},{"@type":"ListItem","position":2,"name":"Contact retargeting"}]},{"@type":"WebSite","@id":"https:\/\/paulandernst.com\/en\/#website","url":"https:\/\/paulandernst.com\/en\/","name":"paulandernst.com","description":"street food solutions","publisher":{"@id":"https:\/\/paulandernst.com\/en\/#organization"},"potentialAction":[{"@type":"SearchAction","target":{"@type":"EntryPoint","urlTemplate":"https:\/\/paulandernst.com\/en\/?s={search_term_string}"},"query-input":{"@type":"PropertyValueSpecification","valueRequired":true,"valueName":"search_term_string"}}],"inLanguage":"en-US"},{"@type":"Organization","@id":"https:\/\/paulandernst.com\/en\/#organization","name":"paul&ernst GmbH","url":"https:\/\/paulandernst.com\/en\/","logo":{"@type":"ImageObject","inLanguage":"en-US","@id":"https:\/\/paulandernst.com\/en\/#\/schema\/logo\/image\/","url":"https:\/\/paulandernst.com\/wp-content\/uploads\/2024\/03\/paul-und-ernst-logo-black.webp","contentUrl":"https:\/\/paulandernst.com\/wp-content\/uploads\/2024\/03\/paul-und-ernst-logo-black.webp","width":700,"height":312,"caption":"paul&ernst GmbH"},"image":{"@id":"https:\/\/paulandernst.com\/en\/#\/schema\/logo\/image\/"},"sameAs":["https:\/\/www.facebook.com\/paulundernst","https:\/\/www.instagram.com\/paulundernst\/","https:\/\/www.linkedin.com\/company\/51626836\/","https:\/\/at.pinterest.com\/paulundernst","https:\/\/www.youtube.com\/@paulandernst"]}]}},"_links":{"self":[{"href":"https:\/\/paulandernst.com\/en\/wp-json\/wp\/v2\/pages\/19459","targetHints":{"allow":["GET"]}}],"collection":[{"href":"https:\/\/paulandernst.com\/en\/wp-json\/wp\/v2\/pages"}],"about":[{"href":"https:\/\/paulandernst.com\/en\/wp-json\/wp\/v2\/types\/page"}],"author":[{"embeddable":true,"href":"https:\/\/paulandernst.com\/en\/wp-json\/wp\/v2\/users\/2"}],"replies":[{"embeddable":true,"href":"https:\/\/paulandernst.com\/en\/wp-json\/wp\/v2\/comments?post=19459"}],"version-history":[{"count":9,"href":"https:\/\/paulandernst.com\/en\/wp-json\/wp\/v2\/pages\/19459\/revisions"}],"predecessor-version":[{"id":19487,"href":"https:\/\/paulandernst.com\/en\/wp-json\/wp\/v2\/pages\/19459\/revisions\/19487"}],"wp:featuredmedia":[{"embeddable":true,"href":"https:\/\/paulandernst.com\/en\/wp-json\/wp\/v2\/media\/10924"}],"wp:attachment":[{"href":"https:\/\/paulandernst.com\/en\/wp-json\/wp\/v2\/media?parent=19459"}],"curies":[{"name":"wp","href":"https:\/\/api.w.org\/{rel}","templated":true}]}}